{"id":32498,"date":"2025-01-28T16:25:17","date_gmt":"2025-01-28T14:25:17","guid":{"rendered":"https:\/\/fifaa.ee\/?post_type=product&#038;p=32498"},"modified":"2026-04-01T17:40:43","modified_gmt":"2026-04-01T14:40:43","slug":"linna-veekindel-klapiga-seljakott","status":"publish","type":"product","link":"https:\/\/fifaa.ee\/en\/product\/linna-veekindel-klapiga-seljakott\/","title":{"rendered":"Urban Water Resistant Flap-top Backpack"},"content":{"rendered":"<p>Experience versatile, all-weather design and enhanced security with the Urban Backpack. Its unique L-shaped wide-opening main compartment, equipped with an expandable section and ample space for a 16-inch laptop, offers easy access to your essentials. An anti-theft design with a self-locking metal zipper puller keeps your belongings safe. The addition of a back pocket and a dedicated water bottle pocket makes your daily adventures more convenient, making it the perfect companion for the urban explorer. This backpack is not only water-repellent, but also durable and stylish. Made from Aware\u2122 traceable recycled polyester and finished with a soft PU coating, perfect for any occasion. 17% recycled content. Registered Design\u00ae<\/p>","protected":false},"excerpt":{"rendered":"<p>Urban seljakotiga kogege mitmek\u00fclgset, iga ilmaga disaini ja t\u00e4iustatud turvalisust. Selle ainulaadne L-kujuline laialt avanev p\u00f5hisahtel, mis on varustatud laiendatava osa ja rohke ruumiga 16-tollise s\u00fclearvuti jaoks, pakub lihtsat juurdep\u00e4\u00e4su teie olulistele asjadele. Vargusvastane disain koos iselukustuva metallist t\u00f5mbluku t\u00f5mmitsaga tagab teie asjade turvalisuse. Tagumise tasku ja spetsiaalse veepudelitasku lisamine muudab teie igap\u00e4evaste seikluste mugavuse, [&hellip;]<\/p>\n","protected":false},"featured_media":32525,"template":"","meta":{"_acf_changed":false},"product_brand":[],"product_cat":[232,573],"product_tag":[659],"class_list":{"0":"post-32498","1":"product","2":"type-product","3":"status-publish","4":"has-post-thumbnail","6":"product_cat-kotid","7":"product_cat-seljakott","8":"product_tag-more-colors","9":"pa_varv-must","10":"pa_varv-sinine","11":"pa_varv-valge-new","13":"first","14":"instock","15":"taxable","16":"shipping-taxable","17":"purchasable","18":"product-type-variable","19":"has-default-attributes"},"acf":[],"_links":{"self":[{"href":"https:\/\/fifaa.ee\/en\/wp-json\/wp\/v2\/product\/32498","targetHints":{"allow":["GET"]}}],"collection":[{"href":"https:\/\/fifaa.ee\/en\/wp-json\/wp\/v2\/product"}],"about":[{"href":"https:\/\/fifaa.ee\/en\/wp-json\/wp\/v2\/types\/product"}],"wp:featuredmedia":[{"embeddable":true,"href":"https:\/\/fifaa.ee\/en\/wp-json\/wp\/v2\/media\/32525"}],"wp:attachment":[{"href":"https:\/\/fifaa.ee\/en\/wp-json\/wp\/v2\/media?parent=32498"}],"wp:term":[{"taxonomy":"product_brand","embeddable":true,"href":"https:\/\/fifaa.ee\/en\/wp-json\/wp\/v2\/product_brand?post=32498"},{"taxonomy":"product_cat","embeddable":true,"href":"https:\/\/fifaa.ee\/en\/wp-json\/wp\/v2\/product_cat?post=32498"},{"taxonomy":"product_tag","embeddable":true,"href":"https:\/\/fifaa.ee\/en\/wp-json\/wp\/v2\/product_tag?post=32498"}],"curies":[{"name":"wp","href":"https:\/\/api.w.org\/{rel}","templated":true}]}}