{"id":32499,"date":"2025-01-28T16:25:17","date_gmt":"2025-01-28T14:25:17","guid":{"rendered":"https:\/\/fifaa.ee\/?post_type=product&#038;p=32499"},"modified":"2026-04-01T17:41:16","modified_gmt":"2026-04-01T14:41:16","slug":"linna-veekindel-laiendatav-tropp","status":"publish","type":"product","link":"https:\/\/fifaa.ee\/en\/product\/linna-veekindel-laiendatav-tropp\/","title":{"rendered":"Urban Water Resistant Expandable Sling"},"content":{"rendered":"<p>The Urban Sling is a versatile vertical crossbody bag designed for everyday essentials. This sling features an L-shaped wide-opening main compartment with an expandable section for easy access to essentials. With an anti-theft design and Twist Lock zipper pull, it keeps your belongings safe. It has enough space to hold an 8-inch iPad mini, wallet, passport and various small items. The back pocket is perfect for discreetly storing cash, cards and valuables. Combines water repellency, durability and style. The sling is made from soft-touch Rpet fabric with AWARE\u2122 tracking. AWARE\u2122 guarantees the use of genuine recycled fabric. 17% recycled content. Registered Design\u00ae<\/p>","protected":false},"excerpt":{"rendered":"<p>Urban Sling on mitmek\u00fclgne vertikaalne ristkorpuse kott, mis on m\u00f5eldud igap\u00e4evaste asjade jaoks. Sellel tropil on L-kujuline laialt avatav p\u00f5hisahtel koos laiendatava osaga, mis tagab lihtsa juurdep\u00e4\u00e4su olulisele. Vargusvastase disaini ja Twist Lock t\u00f5mbluku t\u00f5mbajaga hoiab see teie asju turvaliselt. Sellel on piisavalt mahtu 8-tollise iPad mini, rahakoti, passi ja erinevate pisiesemete hoidmiseks. Tagumine tasku [&hellip;]<\/p>\n","protected":false},"featured_media":32531,"template":"","meta":{"_acf_changed":false},"product_brand":[],"product_cat":[232],"product_tag":[659],"class_list":{"0":"post-32499","1":"product","2":"type-product","3":"status-publish","4":"has-post-thumbnail","6":"product_cat-kotid","7":"product_tag-more-colors","8":"pa_varv-must","9":"pa_varv-sinine","10":"pa_varv-valge-new","12":"first","13":"instock","14":"taxable","15":"shipping-taxable","16":"purchasable","17":"product-type-variable","18":"has-default-attributes"},"acf":[],"_links":{"self":[{"href":"https:\/\/fifaa.ee\/en\/wp-json\/wp\/v2\/product\/32499","targetHints":{"allow":["GET"]}}],"collection":[{"href":"https:\/\/fifaa.ee\/en\/wp-json\/wp\/v2\/product"}],"about":[{"href":"https:\/\/fifaa.ee\/en\/wp-json\/wp\/v2\/types\/product"}],"wp:featuredmedia":[{"embeddable":true,"href":"https:\/\/fifaa.ee\/en\/wp-json\/wp\/v2\/media\/32531"}],"wp:attachment":[{"href":"https:\/\/fifaa.ee\/en\/wp-json\/wp\/v2\/media?parent=32499"}],"wp:term":[{"taxonomy":"product_brand","embeddable":true,"href":"https:\/\/fifaa.ee\/en\/wp-json\/wp\/v2\/product_brand?post=32499"},{"taxonomy":"product_cat","embeddable":true,"href":"https:\/\/fifaa.ee\/en\/wp-json\/wp\/v2\/product_cat?post=32499"},{"taxonomy":"product_tag","embeddable":true,"href":"https:\/\/fifaa.ee\/en\/wp-json\/wp\/v2\/product_tag?post=32499"}],"curies":[{"name":"wp","href":"https:\/\/api.w.org\/{rel}","templated":true}]}}