{"id":32500,"date":"2025-01-28T16:25:17","date_gmt":"2025-01-28T14:25:17","guid":{"rendered":"https:\/\/fifaa.ee\/?post_type=product&#038;p=32500"},"modified":"2026-04-01T17:42:28","modified_gmt":"2026-04-01T14:42:28","slug":"linna-veekindel-vargusvastane-seljakott","status":"publish","type":"product","link":"https:\/\/fifaa.ee\/en\/product\/linna-veekindel-vargusvastane-seljakott\/","title":{"rendered":"Urban Water Resistant Anti-theft Backpack"},"content":{"rendered":"<p>The new Urban Anti-Theft Backpack is the perfect travel companion, ensuring security and convenience. By folding the main compartment and securing it with a reinforced combination lock, the backpack offers a full closure that can also be used to lock the bag around a fixed object. Hidden pockets on the back. The bag is equipped with a side pocket for a water bottle. The internal padded compartments can accommodate a 16&quot; laptop and mesh pockets provide organization for your essentials. Made from Aware\u2122 traceable recycled polyester and finished with a soft-touch water-resistant PU coating. 11% recycled content. Registered Design\u00ae<\/p>","protected":false},"excerpt":{"rendered":"<p>Uus vargusvastane Urban seljakott on ideaalne reisikaaslane, tagades turvalisuse ja mugavuse. P\u00f5hisahtli kokku keerates ja tugevdatud kombinatsioonlukuga kinnitades pakub seljakott t\u00e4ielikku sulgemist, mida saab kasutada ka koti lukustamiseks fikseeritud eseme \u00fcmber. Tagak\u00fcljel peidetud taskud. Kott on varustatud veepudeli k\u00fcljetaskuga. Sisemised polsterdatud lahtrid mahutavad 16-tollise s\u00fclearvuti ja v\u00f5rktaskud pakuvad teie p\u00f5hiasjade korraldamist. Valmistatud Aware\u2122 j\u00e4lgitavast taaskasutatud [&hellip;]<\/p>\n","protected":false},"featured_media":32537,"template":"","meta":{"_acf_changed":false},"product_brand":[],"product_cat":[232,573],"product_tag":[659],"class_list":{"0":"post-32500","1":"product","2":"type-product","3":"status-publish","4":"has-post-thumbnail","6":"product_cat-kotid","7":"product_cat-seljakott","8":"product_tag-more-colors","9":"pa_varv-must","10":"pa_varv-roheline","11":"pa_varv-sinine","12":"pa_varv-valge-new","14":"first","15":"instock","16":"taxable","17":"shipping-taxable","18":"purchasable","19":"product-type-variable","20":"has-default-attributes"},"acf":[],"_links":{"self":[{"href":"https:\/\/fifaa.ee\/en\/wp-json\/wp\/v2\/product\/32500","targetHints":{"allow":["GET"]}}],"collection":[{"href":"https:\/\/fifaa.ee\/en\/wp-json\/wp\/v2\/product"}],"about":[{"href":"https:\/\/fifaa.ee\/en\/wp-json\/wp\/v2\/types\/product"}],"wp:featuredmedia":[{"embeddable":true,"href":"https:\/\/fifaa.ee\/en\/wp-json\/wp\/v2\/media\/32537"}],"wp:attachment":[{"href":"https:\/\/fifaa.ee\/en\/wp-json\/wp\/v2\/media?parent=32500"}],"wp:term":[{"taxonomy":"product_brand","embeddable":true,"href":"https:\/\/fifaa.ee\/en\/wp-json\/wp\/v2\/product_brand?post=32500"},{"taxonomy":"product_cat","embeddable":true,"href":"https:\/\/fifaa.ee\/en\/wp-json\/wp\/v2\/product_cat?post=32500"},{"taxonomy":"product_tag","embeddable":true,"href":"https:\/\/fifaa.ee\/en\/wp-json\/wp\/v2\/product_tag?post=32500"}],"curies":[{"name":"wp","href":"https:\/\/api.w.org\/{rel}","templated":true}]}}