{"id":32539,"date":"2025-01-28T16:25:38","date_gmt":"2025-01-28T14:25:38","guid":{"rendered":"https:\/\/fifaa.ee\/?post_type=product&#038;p=32539"},"modified":"2026-04-01T17:42:50","modified_gmt":"2026-04-01T14:42:50","slug":"smooth-pu-nadalavahetuse-duffli","status":"publish","type":"product","link":"https:\/\/fifaa.ee\/en\/product\/smooth-pu-nadalavahetuse-duffli\/","title":{"rendered":"Smooth PU weekend duffle"},"content":{"rendered":"<p>This weekender coat made of smooth PU is perfect for everyday gym trips or weekend getaways. It has a minimalist boxy design and features an external front pocket, an internal pocket and a large main compartment. The bag has a convenient shoe compartment on the side. This bag can be worn over the shoulder or crossbody with the adjustable fabric strap or carried in the hand with the sturdy fabric handles. Exterior 100% PU. Interior 100% 210D polyester. PVC free.<\/p>","protected":false},"excerpt":{"rendered":"<p>See siledast PU-st valmistatud n\u00e4dalavahetuse mantel sobib nii igap\u00e4evasteks j\u00f5usaalireisideks kui ka n\u00e4dalavahetuse puhkuseks. Sellel on karbikujuline minimalistlik disain ning v\u00e4line esitasku, sisetasku ja suur p\u00f5hisahtel. Kotil on k\u00fcljel mugav jalan\u00f5ude sahtel. Seda kotti saab kanda \u00fcle \u00f5la v\u00f5i risti reguleeritava riidest kanderihmaga v\u00f5i kanda k\u00e4es tugevate riidest k\u00e4epidemetega. V\u00e4limus 100% PU. Sisustus 100% 210D [&hellip;]<\/p>\n","protected":false},"featured_media":32560,"template":"","meta":{"_acf_changed":false},"product_brand":[],"product_cat":[232,645],"product_tag":[659],"class_list":{"0":"post-32539","1":"product","2":"type-product","3":"status-publish","4":"has-post-thumbnail","6":"product_cat-kotid","7":"product_cat-spordikott","8":"product_tag-more-colors","9":"pa_varv-must","10":"pa_varv-sinine","12":"first","13":"instock","14":"taxable","15":"shipping-taxable","16":"purchasable","17":"product-type-variable","18":"has-default-attributes"},"acf":[],"_links":{"self":[{"href":"https:\/\/fifaa.ee\/en\/wp-json\/wp\/v2\/product\/32539","targetHints":{"allow":["GET"]}}],"collection":[{"href":"https:\/\/fifaa.ee\/en\/wp-json\/wp\/v2\/product"}],"about":[{"href":"https:\/\/fifaa.ee\/en\/wp-json\/wp\/v2\/types\/product"}],"wp:featuredmedia":[{"embeddable":true,"href":"https:\/\/fifaa.ee\/en\/wp-json\/wp\/v2\/media\/32560"}],"wp:attachment":[{"href":"https:\/\/fifaa.ee\/en\/wp-json\/wp\/v2\/media?parent=32539"}],"wp:term":[{"taxonomy":"product_brand","embeddable":true,"href":"https:\/\/fifaa.ee\/en\/wp-json\/wp\/v2\/product_brand?post=32539"},{"taxonomy":"product_cat","embeddable":true,"href":"https:\/\/fifaa.ee\/en\/wp-json\/wp\/v2\/product_cat?post=32539"},{"taxonomy":"product_tag","embeddable":true,"href":"https:\/\/fifaa.ee\/en\/wp-json\/wp\/v2\/product_tag?post=32539"}],"curies":[{"name":"wp","href":"https:\/\/api.w.org\/{rel}","templated":true}]}}