{"id":32541,"date":"2025-01-28T16:25:38","date_gmt":"2025-01-28T14:25:38","guid":{"rendered":"https:\/\/fifaa.ee\/?post_type=product&#038;p=32541"},"modified":"2026-04-01T17:43:11","modified_gmt":"2026-04-01T14:43:11","slug":"impact-aware-urban-valjas-nadalavahetusekott","status":"publish","type":"product","link":"https:\/\/fifaa.ee\/en\/product\/impact-aware-urban-valjas-nadalavahetusekott\/","title":{"rendered":"Impact AWARE\u2122 Urban outdoor weekend bag"},"content":{"rendered":"<p>The Impact AWARE\u2122 Urban Outdoor Weekender Bag has more than enough space for a weekend getaway! It also features an outdoor-inspired design. The bag has a front zippered compartment and one large main compartment. Side zippered pockets provide quick access to everyday essentials. The backpack is made from a two-tone 50% recycled polyester with a 100% recycled polyester lining. AWARE\u2122 label confirms the genuine use of recycled materials. Each bag contains 24.05 recycled 0.5L PET bottles. 2% of the proceeds from every Impact product sold is donated to Water.org.<\/p>","protected":false},"excerpt":{"rendered":"<p>Impact AWARE\u2122 Urban v\u00e4ljas n\u00e4dalavahetuse kotis on rohkem kui piisavalt ruumi n\u00e4dalavahetuse puhkuseks! Sellel on ka v\u00e4listingimustest inspireeritud disain. Kotil on ees lukuga sahtel ja \u00fcks suur p\u00f5hisahtel. K\u00fclgmised lukuga taskud pakuvad kiiret juurdep\u00e4\u00e4su igap\u00e4evastele asjadele. Seljakott on valmistatud kahev\u00e4rvilisest 50% taaskasutatud pol\u00fcestrist ja 100% taaskasutatud pol\u00fcestrist voodriga. AWARE\u2122 m\u00e4rgistusega, mis kinnitab taaskasutatud materjalide ehtsat [&hellip;]<\/p>\n","protected":false},"featured_media":32566,"template":"","meta":{"_acf_changed":false},"product_brand":[],"product_cat":[232,645],"product_tag":[659],"class_list":{"0":"post-32541","1":"product","2":"type-product","3":"status-publish","4":"has-post-thumbnail","6":"product_cat-kotid","7":"product_cat-spordikott","8":"product_tag-more-colors","9":"pa_varv-hall","10":"pa_varv-must","11":"pa_varv-roheline","12":"pa_varv-sinine","14":"first","15":"instock","16":"taxable","17":"shipping-taxable","18":"purchasable","19":"product-type-variable","20":"has-default-attributes"},"acf":[],"_links":{"self":[{"href":"https:\/\/fifaa.ee\/en\/wp-json\/wp\/v2\/product\/32541","targetHints":{"allow":["GET"]}}],"collection":[{"href":"https:\/\/fifaa.ee\/en\/wp-json\/wp\/v2\/product"}],"about":[{"href":"https:\/\/fifaa.ee\/en\/wp-json\/wp\/v2\/types\/product"}],"wp:featuredmedia":[{"embeddable":true,"href":"https:\/\/fifaa.ee\/en\/wp-json\/wp\/v2\/media\/32566"}],"wp:attachment":[{"href":"https:\/\/fifaa.ee\/en\/wp-json\/wp\/v2\/media?parent=32541"}],"wp:term":[{"taxonomy":"product_brand","embeddable":true,"href":"https:\/\/fifaa.ee\/en\/wp-json\/wp\/v2\/product_brand?post=32541"},{"taxonomy":"product_cat","embeddable":true,"href":"https:\/\/fifaa.ee\/en\/wp-json\/wp\/v2\/product_cat?post=32541"},{"taxonomy":"product_tag","embeddable":true,"href":"https:\/\/fifaa.ee\/en\/wp-json\/wp\/v2\/product_tag?post=32541"}],"curies":[{"name":"wp","href":"https:\/\/api.w.org\/{rel}","templated":true}]}}