{"id":32544,"date":"2025-01-28T16:25:38","date_gmt":"2025-01-28T14:25:38","guid":{"rendered":"https:\/\/fifaa.ee\/?post_type=product&#038;p=32544"},"modified":"2026-04-01T17:43:11","modified_gmt":"2026-04-01T14:43:11","slug":"impact-aware-rpet-kaasaegne-spordimantel","status":"publish","type":"product","link":"https:\/\/fifaa.ee\/en\/product\/impact-aware-rpet-kaasaegne-spordimantel\/","title":{"rendered":"Impact AWARE\u2122 RPET modern sports duffel"},"content":{"rendered":"<p>The Impact AWARE\u2122 RPET Modern Sports Bag is the perfect companion for a visit to the gym or a short break. The bag has a clean, modern design with a zippered front pocket and a spacious main compartment. The duffel has straps that allow you to carry it in any way that feels best to you. The backpack is made from 100% recycled polyester. AWARE\u2122 label confirms the genuine use of recycled materials. Each bag contains 23.2 recycled 0.5L PET bottles. 2% of the proceeds from every AWARE\u2122 product sold is donated to Water.org.<\/p>","protected":false},"excerpt":{"rendered":"<p>Impact AWARE\u2122 RPET kaasaegne spordip\u00fcks on ideaalne kaaslane j\u00f5usaali k\u00fclastuseks v\u00f5i l\u00fchikeseks puhkuseks. Kotil on puhas kaasaegne disain t\u00f5mblukuga esitasku ja mahuka p\u00f5hisahtliga. Dufflil on rihmad, mis v\u00f5imaldavad teil seda kanda mis tahes viisil, mis teile k\u00f5ige paremini tundub. Seljakott on valmistatud 100% taaskasutatud pol\u00fcestrist. AWARE\u2122 m\u00e4rgistusega, mis kinnitab taaskasutatud materjalide ehtsat kasutamist. Igas kotis [&hellip;]<\/p>\n","protected":false},"featured_media":32578,"template":"","meta":{"_acf_changed":false},"product_brand":[],"product_cat":[232,645],"product_tag":[659],"class_list":{"0":"post-32544","1":"product","2":"type-product","3":"status-publish","4":"has-post-thumbnail","6":"product_cat-kotid","7":"product_cat-spordikott","8":"product_tag-more-colors","9":"pa_varv-hall","10":"pa_varv-must","11":"pa_varv-sinine","13":"first","14":"instock","15":"taxable","16":"shipping-taxable","17":"purchasable","18":"product-type-variable","19":"has-default-attributes"},"acf":[],"_links":{"self":[{"href":"https:\/\/fifaa.ee\/en\/wp-json\/wp\/v2\/product\/32544","targetHints":{"allow":["GET"]}}],"collection":[{"href":"https:\/\/fifaa.ee\/en\/wp-json\/wp\/v2\/product"}],"about":[{"href":"https:\/\/fifaa.ee\/en\/wp-json\/wp\/v2\/types\/product"}],"wp:featuredmedia":[{"embeddable":true,"href":"https:\/\/fifaa.ee\/en\/wp-json\/wp\/v2\/media\/32578"}],"wp:attachment":[{"href":"https:\/\/fifaa.ee\/en\/wp-json\/wp\/v2\/media?parent=32544"}],"wp:term":[{"taxonomy":"product_brand","embeddable":true,"href":"https:\/\/fifaa.ee\/en\/wp-json\/wp\/v2\/product_brand?post=32544"},{"taxonomy":"product_cat","embeddable":true,"href":"https:\/\/fifaa.ee\/en\/wp-json\/wp\/v2\/product_cat?post=32544"},{"taxonomy":"product_tag","embeddable":true,"href":"https:\/\/fifaa.ee\/en\/wp-json\/wp\/v2\/product_tag?post=32544"}],"curies":[{"name":"wp","href":"https:\/\/api.w.org\/{rel}","templated":true}]}}