{"id":32545,"date":"2025-01-28T16:25:38","date_gmt":"2025-01-28T14:25:38","guid":{"rendered":"https:\/\/fifaa.ee\/?post_type=product&#038;p=32545"},"modified":"2026-04-01T17:43:34","modified_gmt":"2026-04-01T14:43:34","slug":"swiss-peak-aware-rpet-spordimantel","status":"publish","type":"product","link":"https:\/\/fifaa.ee\/en\/product\/swiss-peak-aware-rpet-spordimantel\/","title":{"rendered":"Swiss Peak AWARE\u2122 RPET sports duffel"},"content":{"rendered":"<p>The Swiss Peak AWARE\u2122 RPET modern sports bag is the perfect companion for a visit to the gym or a short break. With a large easy-access opening, you can find your essentials at a glance. A front zippered pocket and 2 external mesh pockets. The duffel has straps that allow you to carry it in any way that feels best to you. The duffel&#039;s exterior and lining are made from 100% recycled polyester. AWARE\u2122 label confirms the genuine use of recycled materials. Each bag contains 31.5 recycled 0.5L PET bottles. 2% of the proceeds from every AWARE\u2122 product sold is donated to Water.org.<\/p>","protected":false},"excerpt":{"rendered":"<p>Swiss Peak AWARE\u2122 RPET kaasaegne spordip\u00fcks on ideaalne kaaslane j\u00f5usaalik\u00fclastuseks v\u00f5i l\u00fchikeseks puhkuseks. Suure h\u00f5lpsasti ligip\u00e4\u00e4setava avaga leiate oma olulised asjad \u00fche pilguga \u00fcles. T\u00f5mblukuga esitasku ja 2 v\u00e4list v\u00f5rktaskut. Duffel on rihmad, mis v\u00f5imaldavad teil seda kanda mis tahes viisil, mis teile k\u00f5ige paremini tundub. Duffli v\u00e4lispind ja vooder on valmistatud 100% taaskasutatud pol\u00fcestrist. [&hellip;]<\/p>\n","protected":false},"featured_media":32584,"template":"","meta":{"_acf_changed":false},"product_brand":[],"product_cat":[232,645],"product_tag":[],"class_list":{"0":"post-32545","1":"product","2":"type-product","3":"status-publish","4":"has-post-thumbnail","6":"product_cat-kotid","7":"product_cat-spordikott","8":"pa_varv-must","10":"first","11":"instock","12":"taxable","13":"shipping-taxable","14":"purchasable","15":"product-type-variable","16":"has-default-attributes"},"acf":[],"_links":{"self":[{"href":"https:\/\/fifaa.ee\/en\/wp-json\/wp\/v2\/product\/32545","targetHints":{"allow":["GET"]}}],"collection":[{"href":"https:\/\/fifaa.ee\/en\/wp-json\/wp\/v2\/product"}],"about":[{"href":"https:\/\/fifaa.ee\/en\/wp-json\/wp\/v2\/types\/product"}],"wp:featuredmedia":[{"embeddable":true,"href":"https:\/\/fifaa.ee\/en\/wp-json\/wp\/v2\/media\/32584"}],"wp:attachment":[{"href":"https:\/\/fifaa.ee\/en\/wp-json\/wp\/v2\/media?parent=32545"}],"wp:term":[{"taxonomy":"product_brand","embeddable":true,"href":"https:\/\/fifaa.ee\/en\/wp-json\/wp\/v2\/product_brand?post=32545"},{"taxonomy":"product_cat","embeddable":true,"href":"https:\/\/fifaa.ee\/en\/wp-json\/wp\/v2\/product_cat?post=32545"},{"taxonomy":"product_tag","embeddable":true,"href":"https:\/\/fifaa.ee\/en\/wp-json\/wp\/v2\/product_tag?post=32545"}],"curies":[{"name":"wp","href":"https:\/\/api.w.org\/{rel}","templated":true}]}}