{"id":32588,"date":"2025-01-28T16:26:04","date_gmt":"2025-01-28T14:26:04","guid":{"rendered":"https:\/\/fifaa.ee\/?post_type=product&#038;p=32588"},"modified":"2026-04-01T17:44:02","modified_gmt":"2026-04-01T14:44:02","slug":"impact-aware-285-g-m2-varvimata-rcangvasest-kott","status":"publish","type":"product","link":"https:\/\/fifaa.ee\/en\/product\/impact-aware-285-g-m2-varvimata-rcangvasest-kott\/","title":{"rendered":"Impact Aware\u2122 285gsm rcanvas duffel bag undyed"},"content":{"rendered":"<p>The Impact AWARE\u2122 285 gsm Recycled Canvas Undyed Tote is the perfect way to carry your essentials for a short trip. This spacious tote offers plenty of room for your essentials. The recycled canvas is undyed and used in its raw form, without the use of dyes or bleaching chemicals. AWARE\u2122 label confirms the genuine use of recycled materials. 2% of the proceeds from every Impact product sold is donated to Water.org. Composition 70% recycled cotton, 30% recycled polyester.<\/p>","protected":false},"excerpt":{"rendered":"<p>Impact AWARE\u2122 285 gsm taaskasutatud l\u00f5uendist v\u00e4rvimata kott on ideaalne viis l\u00fchikeseks reisiks vajalike asjade kandmiseks. See avar p\u00e4tt pakub piisavalt ruumi teie h\u00e4davajalike asjade jaoks. Taaskasutatud l\u00f5uend on v\u00e4rvimata ja seda kasutatakse toores kujul, ilma v\u00e4rvimise v\u00f5i pleegitamise kemikaalideta. AWARE\u2122 m\u00e4rgistusega, mis kinnitab taaskasutatud materjalide ehtsat kasutamist. 2% iga m\u00fc\u00fcdud Impacti toote tulust annetatakse [&hellip;]<\/p>\n","protected":false},"featured_media":32604,"template":"","meta":{"_acf_changed":false},"product_brand":[],"product_cat":[232,645],"product_tag":[659],"class_list":{"0":"post-32588","1":"product","2":"type-product","3":"status-publish","4":"has-post-thumbnail","6":"product_cat-kotid","7":"product_cat-spordikott","8":"product_tag-more-colors","9":"pa_varv-hall","10":"pa_varv-must","11":"pa_varv-sinine","12":"pa_varv-valge-new","14":"first","15":"instock","16":"taxable","17":"shipping-taxable","18":"purchasable","19":"product-type-variable","20":"has-default-attributes"},"acf":[],"_links":{"self":[{"href":"https:\/\/fifaa.ee\/en\/wp-json\/wp\/v2\/product\/32588","targetHints":{"allow":["GET"]}}],"collection":[{"href":"https:\/\/fifaa.ee\/en\/wp-json\/wp\/v2\/product"}],"about":[{"href":"https:\/\/fifaa.ee\/en\/wp-json\/wp\/v2\/types\/product"}],"wp:featuredmedia":[{"embeddable":true,"href":"https:\/\/fifaa.ee\/en\/wp-json\/wp\/v2\/media\/32604"}],"wp:attachment":[{"href":"https:\/\/fifaa.ee\/en\/wp-json\/wp\/v2\/media?parent=32588"}],"wp:term":[{"taxonomy":"product_brand","embeddable":true,"href":"https:\/\/fifaa.ee\/en\/wp-json\/wp\/v2\/product_brand?post=32588"},{"taxonomy":"product_cat","embeddable":true,"href":"https:\/\/fifaa.ee\/en\/wp-json\/wp\/v2\/product_cat?post=32588"},{"taxonomy":"product_tag","embeddable":true,"href":"https:\/\/fifaa.ee\/en\/wp-json\/wp\/v2\/product_tag?post=32588"}],"curies":[{"name":"wp","href":"https:\/\/api.w.org\/{rel}","templated":true}]}}