{"id":32593,"date":"2025-01-28T16:26:04","date_gmt":"2025-01-28T14:26:04","guid":{"rendered":"https:\/\/fifaa.ee\/?post_type=product&#038;p=32593"},"modified":"2026-04-01T17:44:52","modified_gmt":"2026-04-01T14:44:52","slug":"aware-rpet-toeline-spordikott","status":"publish","type":"product","link":"https:\/\/fifaa.ee\/en\/product\/aware-rpet-toeline-spordikott\/","title":{"rendered":"Aware\u2122 RPET True sports bag"},"content":{"rendered":"<p>Stay organized and stylish with the Aware\u2122 RPET True Sports Bag. Made from 100% rPET, this durable and functional bag features an adjustable shoulder strap (140 cm), two button-fastening handles and multiple compartments for easy storage. A front zip pocket, a zipped shoe compartment (fits up to EU size 46.5) on the side and a spacious main zipped compartment ensure you can carry everything you need, whether it&#039;s for the gym, weekend getaways or everyday activities; Made from recycled polyester with the AWARE\u2122 label. 2% of the proceeds from every AWARE\u2122 product sold is donated to Water.org. PVC free.<\/p>","protected":false},"excerpt":{"rendered":"<p>P\u00fcsige organiseeritud ja stiilne Aware\u2122 RPET True spordikotiga. Sellel 100% rPET-ist valmistatud vastupidaval ja funktsionaalsel kotil on reguleeritav \u00f5larihm (140 cm), kaks n\u00f6\u00f6biga suletavat k\u00e4epidet ja mitu sektsiooni lihtsaks hoiustamiseks. Eesmine t\u00f5mblukuga tasku, jalatsi lukuga sahtel (sobib kuni suuruseni EL suurus 46,5) k\u00fcljel ja ruumikas peamine lukuga sahtel tagavad, et saate kaasas kanda k\u00f5ike, mida [&hellip;]<\/p>\n","protected":false},"featured_media":32632,"template":"","meta":{"_acf_changed":false},"product_brand":[],"product_cat":[232,645],"product_tag":[659],"class_list":{"0":"post-32593","1":"product","2":"type-product","3":"status-publish","4":"has-post-thumbnail","6":"product_cat-kotid","7":"product_cat-spordikott","8":"product_tag-more-colors","9":"pa_varv-must","10":"pa_varv-sinine","12":"first","13":"instock","14":"taxable","15":"shipping-taxable","16":"purchasable","17":"product-type-variable","18":"has-default-attributes"},"acf":[],"_links":{"self":[{"href":"https:\/\/fifaa.ee\/en\/wp-json\/wp\/v2\/product\/32593","targetHints":{"allow":["GET"]}}],"collection":[{"href":"https:\/\/fifaa.ee\/en\/wp-json\/wp\/v2\/product"}],"about":[{"href":"https:\/\/fifaa.ee\/en\/wp-json\/wp\/v2\/types\/product"}],"wp:featuredmedia":[{"embeddable":true,"href":"https:\/\/fifaa.ee\/en\/wp-json\/wp\/v2\/media\/32632"}],"wp:attachment":[{"href":"https:\/\/fifaa.ee\/en\/wp-json\/wp\/v2\/media?parent=32593"}],"wp:term":[{"taxonomy":"product_brand","embeddable":true,"href":"https:\/\/fifaa.ee\/en\/wp-json\/wp\/v2\/product_brand?post=32593"},{"taxonomy":"product_cat","embeddable":true,"href":"https:\/\/fifaa.ee\/en\/wp-json\/wp\/v2\/product_cat?post=32593"},{"taxonomy":"product_tag","embeddable":true,"href":"https:\/\/fifaa.ee\/en\/wp-json\/wp\/v2\/product_tag?post=32593"}],"curies":[{"name":"wp","href":"https:\/\/api.w.org\/{rel}","templated":true}]}}