{"id":32594,"date":"2025-01-28T16:26:04","date_gmt":"2025-01-28T14:26:04","guid":{"rendered":"https:\/\/fifaa.ee\/?post_type=product&#038;p=32594"},"modified":"2026-04-01T17:45:13","modified_gmt":"2026-04-01T14:45:13","slug":"swiss-peak-aware-rpet-156-tolline-sulearvuti-nadalavahetusekott","status":"publish","type":"product","link":"https:\/\/fifaa.ee\/en\/product\/swiss-peak-aware-rpet-156-tolline-sulearvuti-nadalavahetusekott\/","title":{"rendered":"Swiss Peak Aware\u2122 RPET 15.6 inch laptop weekend bag"},"content":{"rendered":"<p>Your standard business Swiss Peak weekender with a 15&#039;6&quot; laptop compartment for all your short business trips. Made with Aware\u2122 RPET 300D\/150D. Main compartment has extra pockets and an inside zip pocket. Rigid zips<\/p>","protected":false},"excerpt":{"rendered":"<p>Teie tavaline \u00e4ri Swiss Peak n\u00e4dalavahetusekott 15&#8217;6-tollise s\u00fclearvuti sahtliga k\u00f5igi teie l\u00fchikeste \u00e4rireiside jaoks. Valmistatud Aware\u2122 RPET 300D\/150D-ga. P\u00f5hilahtris on lisataskud ja sees lukuga tasku. J\u00e4igad t\u00f5mblukud<\/p>","protected":false},"featured_media":32644,"template":"","meta":{"_acf_changed":false},"product_brand":[],"product_cat":[232,645],"product_tag":[],"class_list":{"0":"post-32594","1":"product","2":"type-product","3":"status-publish","4":"has-post-thumbnail","6":"product_cat-kotid","7":"product_cat-spordikott","8":"pa_varv-must","10":"first","11":"instock","12":"taxable","13":"shipping-taxable","14":"purchasable","15":"product-type-variable","16":"has-default-attributes"},"acf":[],"_links":{"self":[{"href":"https:\/\/fifaa.ee\/en\/wp-json\/wp\/v2\/product\/32594","targetHints":{"allow":["GET"]}}],"collection":[{"href":"https:\/\/fifaa.ee\/en\/wp-json\/wp\/v2\/product"}],"about":[{"href":"https:\/\/fifaa.ee\/en\/wp-json\/wp\/v2\/types\/product"}],"wp:featuredmedia":[{"embeddable":true,"href":"https:\/\/fifaa.ee\/en\/wp-json\/wp\/v2\/media\/32644"}],"wp:attachment":[{"href":"https:\/\/fifaa.ee\/en\/wp-json\/wp\/v2\/media?parent=32594"}],"wp:term":[{"taxonomy":"product_brand","embeddable":true,"href":"https:\/\/fifaa.ee\/en\/wp-json\/wp\/v2\/product_brand?post=32594"},{"taxonomy":"product_cat","embeddable":true,"href":"https:\/\/fifaa.ee\/en\/wp-json\/wp\/v2\/product_cat?post=32594"},{"taxonomy":"product_tag","embeddable":true,"href":"https:\/\/fifaa.ee\/en\/wp-json\/wp\/v2\/product_tag?post=32594"}],"curies":[{"name":"wp","href":"https:\/\/api.w.org\/{rel}","templated":true}]}}