{"id":32633,"date":"2025-01-28T16:26:25","date_gmt":"2025-01-28T14:26:25","guid":{"rendered":"https:\/\/fifaa.ee\/?post_type=product&#038;p=32633"},"modified":"2026-04-01T17:45:13","modified_gmt":"2026-04-01T14:45:13","slug":"impact-aware-kerge-dokumendikott","status":"publish","type":"product","link":"https:\/\/fifaa.ee\/en\/product\/impact-aware-kerge-dokumendikott\/","title":{"rendered":"Impact AWARE\u2122 lightweight document bag"},"content":{"rendered":"<p>No greenwashing, just telling a true story of sustainability! This Impact 300D rpet briefcase is made with the AWARE\u2122 imprint. With AWARE\u2122, AWARE uses disruptive physical imprinting and blockchain technology to ensure the use of genuine recycled fabric materials and water reduction claims. Save water and use genuine recycled fabrics. With a focus on water, 2% of the proceeds from every Impact product sold is donated to Water.org. Keep all your important papers together in this briefcase. The briefcase has 2 internal pockets and a zip closure and handle for easy carrying. This briefcase contains 5.9 500ml PET bottles recycled. Water savings are based on figures compared to conventional fibres. This calculated figure is based on reliable LCA data published by Textile Exchange in its 2016 Material Snapshots.<\/p>","protected":false},"excerpt":{"rendered":"<p>Ei mingit rohepesu, vaid r\u00e4\u00e4gib t\u00f5estis\u00fcndinud lugu j\u00e4tkusuutlikkusest! See Impact 300D rpet dokumendikott on valmistatud AWARE\u2122 j\u00e4ljendiga. AWARE\u2122 abil on AWARE h\u00e4iriva f\u00fc\u00fcsilise j\u00e4ljendi ja plokiahela tehnoloogia abil tagatud ehtsate ringlussev\u00f5etud kangamaterjalide kasutamine ja vee v\u00e4hendamise v\u00e4ited. S\u00e4\u00e4stke vett ja kasutage ehtsaid taaskasutatud kangaid. Keskendudes veele, annetatakse 2% iga m\u00fc\u00fcdud Impact toote tulust veebisaidile Water.org. [&hellip;]<\/p>\n","protected":false},"featured_media":32646,"template":"","meta":{"_acf_changed":false},"product_brand":[],"product_cat":[232],"product_tag":[659],"class_list":{"0":"post-32633","1":"product","2":"type-product","3":"status-publish","4":"has-post-thumbnail","6":"product_cat-kotid","7":"product_tag-more-colors","8":"pa_varv-hall","9":"pa_varv-must","10":"pa_varv-sinine","12":"first","13":"instock","14":"taxable","15":"shipping-taxable","16":"purchasable","17":"product-type-variable","18":"has-default-attributes"},"acf":[],"_links":{"self":[{"href":"https:\/\/fifaa.ee\/en\/wp-json\/wp\/v2\/product\/32633","targetHints":{"allow":["GET"]}}],"collection":[{"href":"https:\/\/fifaa.ee\/en\/wp-json\/wp\/v2\/product"}],"about":[{"href":"https:\/\/fifaa.ee\/en\/wp-json\/wp\/v2\/types\/product"}],"wp:featuredmedia":[{"embeddable":true,"href":"https:\/\/fifaa.ee\/en\/wp-json\/wp\/v2\/media\/32646"}],"wp:attachment":[{"href":"https:\/\/fifaa.ee\/en\/wp-json\/wp\/v2\/media?parent=32633"}],"wp:term":[{"taxonomy":"product_brand","embeddable":true,"href":"https:\/\/fifaa.ee\/en\/wp-json\/wp\/v2\/product_brand?post=32633"},{"taxonomy":"product_cat","embeddable":true,"href":"https:\/\/fifaa.ee\/en\/wp-json\/wp\/v2\/product_cat?post=32633"},{"taxonomy":"product_tag","embeddable":true,"href":"https:\/\/fifaa.ee\/en\/wp-json\/wp\/v2\/product_tag?post=32633"}],"curies":[{"name":"wp","href":"https:\/\/api.w.org\/{rel}","templated":true}]}}