{"id":32638,"date":"2025-01-28T16:26:25","date_gmt":"2025-01-28T14:26:25","guid":{"rendered":"https:\/\/fifaa.ee\/?post_type=product&#038;p=32638"},"modified":"2026-04-01T17:46:06","modified_gmt":"2026-04-01T14:46:06","slug":"impact-aware-285gsm-rccanvas-puusakott-varvimata","status":"publish","type":"product","link":"https:\/\/fifaa.ee\/en\/product\/impact-aware-285gsm-rccanvas-puusakott-varvimata\/","title":{"rendered":"Impact AWARE\u2122 285gsm rcanvas hip bag undyed"},"content":{"rendered":"<p>The Impact AWARE\u2122 285 gsm Recycled Canvas Hip Bag Undyed is the perfect design for those who want to carry more than just their phone and wallet. It can hold a small water bottle and other essentials. The recycled canvas is undyed and used in its raw form, without the use of dyes or bleaching chemicals. AWARE\u2122 label confirms the genuine use of recycled materials. 2% of the proceeds from every Impact product sold is donated to Water.org. Composition 70% recycled cotton, 30% recycled polyester.<\/p>","protected":false},"excerpt":{"rendered":"<p>Impact AWARE\u2122 285 gsm taaskasutatud l\u00f5uendist puusakott v\u00e4rvimata on ideaalse disainiga neile, kes soovivad kaasas kanda rohkem kui lihtsalt telefoni ja rahakotti. Sellesse mahub nii v\u00e4ike veepudel kui ka muu h\u00e4davajalik. Taaskasutatud l\u00f5uend on v\u00e4rvimata ja seda kasutatakse toores kujul, ilma v\u00e4rvimise v\u00f5i pleegitamise kemikaalideta. AWARE\u2122 m\u00e4rgistusega, mis kinnitab taaskasutatud materjalide ehtsat kasutamist. 2% iga [&hellip;]<\/p>\n","protected":false},"featured_media":32666,"template":"","meta":{"_acf_changed":false},"product_brand":[],"product_cat":[232],"product_tag":[659],"class_list":{"0":"post-32638","1":"product","2":"type-product","3":"status-publish","4":"has-post-thumbnail","6":"product_cat-kotid","7":"product_tag-more-colors","8":"pa_varv-hall","9":"pa_varv-must","10":"pa_varv-sinine","11":"pa_varv-valge-new","13":"first","14":"instock","15":"taxable","16":"shipping-taxable","17":"purchasable","18":"product-type-variable","19":"has-default-attributes"},"acf":[],"_links":{"self":[{"href":"https:\/\/fifaa.ee\/en\/wp-json\/wp\/v2\/product\/32638","targetHints":{"allow":["GET"]}}],"collection":[{"href":"https:\/\/fifaa.ee\/en\/wp-json\/wp\/v2\/product"}],"about":[{"href":"https:\/\/fifaa.ee\/en\/wp-json\/wp\/v2\/types\/product"}],"wp:featuredmedia":[{"embeddable":true,"href":"https:\/\/fifaa.ee\/en\/wp-json\/wp\/v2\/media\/32666"}],"wp:attachment":[{"href":"https:\/\/fifaa.ee\/en\/wp-json\/wp\/v2\/media?parent=32638"}],"wp:term":[{"taxonomy":"product_brand","embeddable":true,"href":"https:\/\/fifaa.ee\/en\/wp-json\/wp\/v2\/product_brand?post=32638"},{"taxonomy":"product_cat","embeddable":true,"href":"https:\/\/fifaa.ee\/en\/wp-json\/wp\/v2\/product_cat?post=32638"},{"taxonomy":"product_tag","embeddable":true,"href":"https:\/\/fifaa.ee\/en\/wp-json\/wp\/v2\/product_tag?post=32638"}],"curies":[{"name":"wp","href":"https:\/\/api.w.org\/{rel}","templated":true}]}}