{"id":32639,"date":"2025-01-28T16:26:25","date_gmt":"2025-01-28T14:26:25","guid":{"rendered":"https:\/\/fifaa.ee\/?post_type=product&#038;p=32639"},"modified":"2026-04-01T17:46:30","modified_gmt":"2026-04-01T14:46:30","slug":"aero-aware-rpet-igapaevane-tropikott","status":"publish","type":"product","link":"https:\/\/fifaa.ee\/en\/product\/aero-aware-rpet-igapaevane-tropikott\/","title":{"rendered":"Aero Aware\u2122 RPET Everyday sling bag"},"content":{"rendered":"<p>The Aero Aware\u2122 RPET Everyday Sling Bag combines style and functionality for all your on-the-go needs. Made from 100% rPET, this bag features an adjustable waist\/shoulder strap (100 cm) with a 4 cm wide webbing for a comfortable fit. It features a back zipper pocket and a zippered main compartment for secure storage. Designed with a zipper that faces your body, it keeps your essentials safe and hidden. Perfect for travel, city outings or festivals, the sling bag can be worn crossbody or horizontally like a belt. Made from recycled polyester with the AWARE\u2122 label. 2% of the proceeds from every AWARE\u2122 product sold is donated to Water.org. PVC free.<\/p>","protected":false},"excerpt":{"rendered":"<p>Aero Aware\u2122 RPET Everyday Sling Bag \u00fchendab stiili ja funktsionaalsuse k\u00f5igi teie liikvel olles. Sellel 100% rPET-st valmistatud kotil on reguleeritav v\u00f6\u00f6\/\u00f5larihm (100 cm) koos 4 cm laiuse v\u00f6\u00f6ga, mis tagab mugava istumise. Sellel on taga t\u00f5mblukuga tasku ja t\u00f5mblukuga p\u00f5hilahter turvaliseks hoiustamiseks. See on kujundatud t\u00f5mblukuga, mis on teie keha suunas, ja see hoiab [&hellip;]<\/p>\n","protected":false},"featured_media":32674,"template":"","meta":{"_acf_changed":false},"product_brand":[],"product_cat":[232],"product_tag":[659],"class_list":{"0":"post-32639","1":"product","2":"type-product","3":"status-publish","4":"has-post-thumbnail","6":"product_cat-kotid","7":"product_tag-more-colors","8":"pa_varv-beez","9":"pa_varv-must","10":"pa_varv-sinine","12":"first","13":"instock","14":"taxable","15":"shipping-taxable","16":"purchasable","17":"product-type-variable","18":"has-default-attributes"},"acf":[],"_links":{"self":[{"href":"https:\/\/fifaa.ee\/en\/wp-json\/wp\/v2\/product\/32639","targetHints":{"allow":["GET"]}}],"collection":[{"href":"https:\/\/fifaa.ee\/en\/wp-json\/wp\/v2\/product"}],"about":[{"href":"https:\/\/fifaa.ee\/en\/wp-json\/wp\/v2\/types\/product"}],"wp:featuredmedia":[{"embeddable":true,"href":"https:\/\/fifaa.ee\/en\/wp-json\/wp\/v2\/media\/32674"}],"wp:attachment":[{"href":"https:\/\/fifaa.ee\/en\/wp-json\/wp\/v2\/media?parent=32639"}],"wp:term":[{"taxonomy":"product_brand","embeddable":true,"href":"https:\/\/fifaa.ee\/en\/wp-json\/wp\/v2\/product_brand?post=32639"},{"taxonomy":"product_cat","embeddable":true,"href":"https:\/\/fifaa.ee\/en\/wp-json\/wp\/v2\/product_cat?post=32639"},{"taxonomy":"product_tag","embeddable":true,"href":"https:\/\/fifaa.ee\/en\/wp-json\/wp\/v2\/product_tag?post=32639"}],"curies":[{"name":"wp","href":"https:\/\/api.w.org\/{rel}","templated":true}]}}