{"id":32684,"date":"2025-01-28T16:26:46","date_gmt":"2025-01-28T14:26:46","guid":{"rendered":"https:\/\/fifaa.ee\/?post_type=product&#038;p=32684"},"modified":"2026-04-01T17:46:52","modified_gmt":"2026-04-01T14:46:52","slug":"laluka-aware-taaskasutatud-puuvillast-154-tolline-sulearvutikott","status":"publish","type":"product","link":"https:\/\/fifaa.ee\/en\/product\/laluka-aware-taaskasutatud-puuvillast-154-tolline-sulearvutikott\/","title":{"rendered":"Laluka AWARE\u2122 recycled cotton 15.4 inch laptop bag"},"content":{"rendered":"<p>The Laluka AWARE\u2122 Recycled Cotton Laptop Bag is a stylish solution for 15.4&quot; laptops. Made from recycled cotton twill, it effortlessly combines fashion and environmental awareness. A padded laptop compartment with a Velcro closure and practical front pockets ensure organized simplicity. The bag&#039;s durable recycled canvas handles and adjustable strap offer both style and comfort. Fabric weight 340 gsm. Made from recycled cotton with the AWARE\u2122 label. 2% of the proceeds from every AWARE\u2122 product sold is donated to Water.org.<\/p>","protected":false},"excerpt":{"rendered":"<p>Laluka AWARE\u2122 taaskasutatud puuvillast s\u00fclearvutikott on stiilne lahendus 15,4-tollistele s\u00fclearvutitele. Valmistatud taaskasutatud puuvillasest toimsest, \u00fchendab see vaevata moe- ja keskkonnateadlikkuse. Polsterdatud takjakinnitusega s\u00fclearvutitasku ja praktilised esitaskud tagavad organiseeritud lihtsuse. Koti vastupidavad taaskasutatud l\u00f5uendist k\u00e4epidemed ja reguleeritav rihm pakuvad nii stiili kui ka mugavust. Kanga kaal 340 gsm. Valmistatud taaskasutatud puuvillast, millele on lisatud AWARE\u2122 m\u00e4rgistus. [&hellip;]<\/p>\n","protected":false},"featured_media":32700,"template":"","meta":{"_acf_changed":false},"product_brand":[],"product_cat":[232,626],"product_tag":[659],"class_list":{"0":"post-32684","1":"product","2":"type-product","3":"status-publish","4":"has-post-thumbnail","6":"product_cat-kotid","7":"product_cat-sulearvutikott","8":"product_tag-more-colors","9":"pa_varv-hall","10":"pa_varv-must","11":"pa_varv-sinine","12":"pa_varv-valge-new","14":"first","15":"instock","16":"taxable","17":"shipping-taxable","18":"purchasable","19":"product-type-variable","20":"has-default-attributes"},"acf":[],"_links":{"self":[{"href":"https:\/\/fifaa.ee\/en\/wp-json\/wp\/v2\/product\/32684","targetHints":{"allow":["GET"]}}],"collection":[{"href":"https:\/\/fifaa.ee\/en\/wp-json\/wp\/v2\/product"}],"about":[{"href":"https:\/\/fifaa.ee\/en\/wp-json\/wp\/v2\/types\/product"}],"wp:featuredmedia":[{"embeddable":true,"href":"https:\/\/fifaa.ee\/en\/wp-json\/wp\/v2\/media\/32700"}],"wp:attachment":[{"href":"https:\/\/fifaa.ee\/en\/wp-json\/wp\/v2\/media?parent=32684"}],"wp:term":[{"taxonomy":"product_brand","embeddable":true,"href":"https:\/\/fifaa.ee\/en\/wp-json\/wp\/v2\/product_brand?post=32684"},{"taxonomy":"product_cat","embeddable":true,"href":"https:\/\/fifaa.ee\/en\/wp-json\/wp\/v2\/product_cat?post=32684"},{"taxonomy":"product_tag","embeddable":true,"href":"https:\/\/fifaa.ee\/en\/wp-json\/wp\/v2\/product_tag?post=32684"}],"curies":[{"name":"wp","href":"https:\/\/api.w.org\/{rel}","templated":true}]}}