{"id":32687,"date":"2025-01-28T16:26:46","date_gmt":"2025-01-28T14:26:46","guid":{"rendered":"https:\/\/fifaa.ee\/?post_type=product&#038;p=32687"},"modified":"2026-04-01T17:47:15","modified_gmt":"2026-04-01T14:47:15","slug":"impact-aware-300d-kahetooniline-luksuslik-156-tolline-sulearvutikott","status":"publish","type":"product","link":"https:\/\/fifaa.ee\/en\/product\/impact-aware-300d-kahetooniline-luksuslik-156-tolline-sulearvutikott\/","title":{"rendered":"Impact AWARE\u2122 300D two tone deluxe 15.6\u2032 laptop bag"},"content":{"rendered":"<p>Look sharp in and out of the office with this sleek, minimalist laptop bag. The main compartment features a 15.6&quot; laptop compartment and two open mesh pockets. Front zip pocket. PU handle on top. The outer material and lining are made from recycled polyester. AWARE\u2122 label confirms genuine use of recycled materials. Each bag contains 8.75 recycled 0.5L PET bottles. 2% of the proceeds from every Impact product sold is donated to Water.org.<\/p>","protected":false},"excerpt":{"rendered":"<p>Selle elegantse minimalistliku disainiga s\u00fclearvutikotiga n\u00e4ete nii kontoris kui ka v\u00e4ljas terav v\u00e4lja. P\u00f5hisahtlis on 15,6-tolline s\u00fclearvuti sahtel ja kaks avatud v\u00f5rktaskut. Ees lukuga tasku. Pealt leiate PU k\u00e4epideme. V\u00e4lismaterjal ja vooder on valmistatud taaskasutatud pol\u00fcestrist. AWARE\u2122 m\u00e4rgistusega, mis kinnitab taaskasutatud materjalide ehtsat kasutamist. Igas kotis on taaskasutatud 8,75 0,5L PET-pudelit. 2% iga m\u00fc\u00fcdud Impacti [&hellip;]<\/p>\n","protected":false},"featured_media":32722,"template":"","meta":{"_acf_changed":false},"product_brand":[],"product_cat":[232,626],"product_tag":[659],"class_list":{"0":"post-32687","1":"product","2":"type-product","3":"status-publish","4":"has-post-thumbnail","6":"product_cat-kotid","7":"product_cat-sulearvutikott","8":"product_tag-more-colors","9":"pa_varv-hall","10":"pa_varv-must","11":"pa_varv-sinine","13":"first","14":"instock","15":"taxable","16":"shipping-taxable","17":"purchasable","18":"product-type-variable","19":"has-default-attributes"},"acf":[],"_links":{"self":[{"href":"https:\/\/fifaa.ee\/en\/wp-json\/wp\/v2\/product\/32687","targetHints":{"allow":["GET"]}}],"collection":[{"href":"https:\/\/fifaa.ee\/en\/wp-json\/wp\/v2\/product"}],"about":[{"href":"https:\/\/fifaa.ee\/en\/wp-json\/wp\/v2\/types\/product"}],"wp:featuredmedia":[{"embeddable":true,"href":"https:\/\/fifaa.ee\/en\/wp-json\/wp\/v2\/media\/32722"}],"wp:attachment":[{"href":"https:\/\/fifaa.ee\/en\/wp-json\/wp\/v2\/media?parent=32687"}],"wp:term":[{"taxonomy":"product_brand","embeddable":true,"href":"https:\/\/fifaa.ee\/en\/wp-json\/wp\/v2\/product_brand?post=32687"},{"taxonomy":"product_cat","embeddable":true,"href":"https:\/\/fifaa.ee\/en\/wp-json\/wp\/v2\/product_cat?post=32687"},{"taxonomy":"product_tag","embeddable":true,"href":"https:\/\/fifaa.ee\/en\/wp-json\/wp\/v2\/product_tag?post=32687"}],"curies":[{"name":"wp","href":"https:\/\/api.w.org\/{rel}","templated":true}]}}