{"id":32728,"date":"2025-01-28T16:27:17","date_gmt":"2025-01-28T14:27:17","guid":{"rendered":"https:\/\/fifaa.ee\/?post_type=product&#038;p=32728"},"modified":"2026-04-01T17:47:36","modified_gmt":"2026-04-01T14:47:36","slug":"154-sulearvuti-kott","status":"publish","type":"product","link":"https:\/\/fifaa.ee\/en\/product\/154-sulearvuti-kott\/","title":{"rendered":"15.4\u201d laptop bag"},"content":{"rendered":"<p>Carry your 15.4&quot; laptop to and from work in this slim 1680D polyester 600D laptop bag from Swiss Peak. Features a padded laptop sleeve, a separate pocket for your iPad or tablet, and a spacious front zippered organizer with pen sleeves and pockets to hold all your small accessories. Also includes a rear cargo pocket that can be slipped over the handle of your upright rolling suitcase. Versatile carrying options with an adjustable and removable shoulder strap. PVC free.<\/p>","protected":false},"excerpt":{"rendered":"<p>Kandke oma 15,4-tollist s\u00fclearvutit t\u00f6\u00f6le ja tagasi selles \u00f5hukeses Swiss Peaki 1680D pol\u00fcestrist s\u00fclearvutikotis 600D. Sisaldab polsterdatud tasku s\u00fclearvuti jaoks, eraldi tasku iPadi v\u00f5i tahvelarvuti hoidmiseks ning eesmist lukuga mahukat korraldajat koos pliiatsi varrukate ja taskutega, kuhu mahutada k\u00f5ik teie v\u00e4ikesed tarvikud. Kaasas ka tagumine pagasiava, mille saab libistada \u00fcle p\u00fcsti veereva kohvri k\u00e4epideme. Mitmek\u00fclgsed [&hellip;]<\/p>\n","protected":false},"featured_media":32739,"template":"","meta":{"_acf_changed":false},"product_brand":[],"product_cat":[232,626],"product_tag":[],"class_list":{"0":"post-32728","1":"product","2":"type-product","3":"status-publish","4":"has-post-thumbnail","6":"product_cat-kotid","7":"product_cat-sulearvutikott","8":"pa_varv-must","10":"first","11":"instock","12":"taxable","13":"shipping-taxable","14":"purchasable","15":"product-type-variable","16":"has-default-attributes"},"acf":[],"_links":{"self":[{"href":"https:\/\/fifaa.ee\/en\/wp-json\/wp\/v2\/product\/32728","targetHints":{"allow":["GET"]}}],"collection":[{"href":"https:\/\/fifaa.ee\/en\/wp-json\/wp\/v2\/product"}],"about":[{"href":"https:\/\/fifaa.ee\/en\/wp-json\/wp\/v2\/types\/product"}],"wp:featuredmedia":[{"embeddable":true,"href":"https:\/\/fifaa.ee\/en\/wp-json\/wp\/v2\/media\/32739"}],"wp:attachment":[{"href":"https:\/\/fifaa.ee\/en\/wp-json\/wp\/v2\/media?parent=32728"}],"wp:term":[{"taxonomy":"product_brand","embeddable":true,"href":"https:\/\/fifaa.ee\/en\/wp-json\/wp\/v2\/product_brand?post=32728"},{"taxonomy":"product_cat","embeddable":true,"href":"https:\/\/fifaa.ee\/en\/wp-json\/wp\/v2\/product_cat?post=32728"},{"taxonomy":"product_tag","embeddable":true,"href":"https:\/\/fifaa.ee\/en\/wp-json\/wp\/v2\/product_tag?post=32728"}],"curies":[{"name":"wp","href":"https:\/\/api.w.org\/{rel}","templated":true}]}}