{"id":32730,"date":"2025-01-28T16:27:17","date_gmt":"2025-01-28T14:27:17","guid":{"rendered":"https:\/\/fifaa.ee\/?post_type=product&#038;p=32730"},"modified":"2026-04-01T17:48:08","modified_gmt":"2026-04-01T14:48:08","slug":"swiss-peak-aware-rpet-essential-156-tolline-sulearvutikott","status":"publish","type":"product","link":"https:\/\/fifaa.ee\/en\/product\/swiss-peak-aware-rpet-essential-156-tolline-sulearvutikott\/","title":{"rendered":"Swiss Peak Aware\u2122 RPET Essential 15.6 inch laptop bag"},"content":{"rendered":"<p>Carry your gear in style with the Swiss Peak Aware\u2122 RPET Essential 15.6&quot; Laptop Bag. Made from 100% rPET, this sleek bag features a main compartment with a dedicated laptop section that securely fits today&#039;s 15.6&quot; laptops. The bag also features a front zippered accessory pocket, two webbing handles, and a removable, adjustable shoulder strap (120 cm) with buckle for easy carrying. A tonal Swiss Peak logo on the front adds elegance to its functional design. Made from recycled polyester with the AWARE\u2122 label. 2% A portion of the proceeds from every AWARE\u2122 product sold is donated to Water.org. PVC free<\/p>","protected":false},"excerpt":{"rendered":"<p>Kandke oma tehnikat stiilselt kaasas Swiss Peak Aware\u2122 RPET Essential 15,6-tollise s\u00fclearvutikotiga. 100% rPET-st valmistatud elegantsel kotil on p\u00f5hisahtel spetsiaalse s\u00fclearvutiosaga, mis sobib turvaliselt t\u00e4nap\u00e4evaste 15,6-tolliste s\u00fclearvutitega. Kotil on ka eesmine t\u00f5mblukuga tasku tarvikute jaoks, kaks rihmaga k\u00e4epidet ja eemaldatav, reguleeritav \u00f5larihm (120 cm) koos pandlaga, et seda oleks lihtne kanda. Tonaalne Swiss Peak logo [&hellip;]<\/p>\n","protected":false},"featured_media":32747,"template":"","meta":{"_acf_changed":false},"product_brand":[],"product_cat":[232,626],"product_tag":[],"class_list":{"0":"post-32730","1":"product","2":"type-product","3":"status-publish","4":"has-post-thumbnail","6":"product_cat-kotid","7":"product_cat-sulearvutikott","8":"pa_varv-must","10":"first","11":"instock","12":"taxable","13":"shipping-taxable","14":"purchasable","15":"product-type-variable","16":"has-default-attributes"},"acf":[],"_links":{"self":[{"href":"https:\/\/fifaa.ee\/en\/wp-json\/wp\/v2\/product\/32730","targetHints":{"allow":["GET"]}}],"collection":[{"href":"https:\/\/fifaa.ee\/en\/wp-json\/wp\/v2\/product"}],"about":[{"href":"https:\/\/fifaa.ee\/en\/wp-json\/wp\/v2\/types\/product"}],"wp:featuredmedia":[{"embeddable":true,"href":"https:\/\/fifaa.ee\/en\/wp-json\/wp\/v2\/media\/32747"}],"wp:attachment":[{"href":"https:\/\/fifaa.ee\/en\/wp-json\/wp\/v2\/media?parent=32730"}],"wp:term":[{"taxonomy":"product_brand","embeddable":true,"href":"https:\/\/fifaa.ee\/en\/wp-json\/wp\/v2\/product_brand?post=32730"},{"taxonomy":"product_cat","embeddable":true,"href":"https:\/\/fifaa.ee\/en\/wp-json\/wp\/v2\/product_cat?post=32730"},{"taxonomy":"product_tag","embeddable":true,"href":"https:\/\/fifaa.ee\/en\/wp-json\/wp\/v2\/product_tag?post=32730"}],"curies":[{"name":"wp","href":"https:\/\/api.w.org\/{rel}","templated":true}]}}