{"id":32735,"date":"2025-01-28T16:27:17","date_gmt":"2025-01-28T14:27:17","guid":{"rendered":"https:\/\/fifaa.ee\/?post_type=product&#038;p=32735"},"modified":"2026-04-01T17:48:51","modified_gmt":"2026-04-01T14:48:51","slug":"matkajahuti-seljakott-10l","status":"publish","type":"product","link":"https:\/\/fifaa.ee\/en\/product\/matkajahuti-seljakott-10l\/","title":{"rendered":"Hiking cooler backpack 10L"},"content":{"rendered":"<p>This functional cooler backpack ensures that you no longer have to choose between a backpack and a cooler bag. Now you have 2 in 1! Keep your food and drinks cool when you&#039;re out and about. The cooler backpack holds 10 liters and can hold all your favorite foods and drinks.<\/p>","protected":false},"excerpt":{"rendered":"<p>See funktsionaalne jahedam seljakott tagab, et te ei pea enam valima seljakoti ja k\u00fclmakoti vahel. N\u00fc\u00fcd on teil 2 \u00fches! Hoidke oma toit ja joogid v\u00e4ljas k\u00e4ies jahedas. Jahedam seljakott mahutab 10 liitrit ja mahutab k\u00f5ik teie lemmiks\u00f6\u00f6gid ja -joogid.<\/p>","protected":false},"featured_media":32769,"template":"","meta":{"_acf_changed":false},"product_brand":[],"product_cat":[232,628],"product_tag":[659],"class_list":{"0":"post-32735","1":"product","2":"type-product","3":"status-publish","4":"has-post-thumbnail","6":"product_cat-kotid","7":"product_cat-kulmakott","8":"product_tag-more-colors","9":"pa_varv-hall","10":"pa_varv-must","11":"pa_varv-sinine","13":"first","14":"instock","15":"taxable","16":"shipping-taxable","17":"purchasable","18":"product-type-variable","19":"has-default-attributes"},"acf":[],"_links":{"self":[{"href":"https:\/\/fifaa.ee\/en\/wp-json\/wp\/v2\/product\/32735","targetHints":{"allow":["GET"]}}],"collection":[{"href":"https:\/\/fifaa.ee\/en\/wp-json\/wp\/v2\/product"}],"about":[{"href":"https:\/\/fifaa.ee\/en\/wp-json\/wp\/v2\/types\/product"}],"wp:featuredmedia":[{"embeddable":true,"href":"https:\/\/fifaa.ee\/en\/wp-json\/wp\/v2\/media\/32769"}],"wp:attachment":[{"href":"https:\/\/fifaa.ee\/en\/wp-json\/wp\/v2\/media?parent=32735"}],"wp:term":[{"taxonomy":"product_brand","embeddable":true,"href":"https:\/\/fifaa.ee\/en\/wp-json\/wp\/v2\/product_brand?post=32735"},{"taxonomy":"product_cat","embeddable":true,"href":"https:\/\/fifaa.ee\/en\/wp-json\/wp\/v2\/product_cat?post=32735"},{"taxonomy":"product_tag","embeddable":true,"href":"https:\/\/fifaa.ee\/en\/wp-json\/wp\/v2\/product_tag?post=32735"}],"curies":[{"name":"wp","href":"https:\/\/api.w.org\/{rel}","templated":true}]}}