{"id":32777,"date":"2025-01-28T16:27:37","date_gmt":"2025-01-28T14:27:37","guid":{"rendered":"https:\/\/fifaa.ee\/?post_type=product&#038;p=32777"},"modified":"2026-04-01T17:49:23","modified_gmt":"2026-04-01T14:49:23","slug":"sonny-aware-rpet-jahuti-seljakott","status":"publish","type":"product","link":"https:\/\/fifaa.ee\/en\/product\/sonny-aware-rpet-jahuti-seljakott\/","title":{"rendered":"Sonny Aware\u2122 RPET cooler backpack"},"content":{"rendered":"<p>Stay cool and organized with the Sonny Aware\u2122 RPET Cooler Backpack. Made from 100% rPET, the backpack features adjustable shoulder straps with reflective accents for enhanced visibility, a top webbing handle, and an elastic strap to secure items. The main compartment features a PEVA gray-silver cooler liner to keep your food and drinks fresh. It also features two mesh drink holder pockets and a front zippered pocket for easy access to essentials. Zippers and pulls are designed with matching or complementary accent colors for a sleek, unified look. Made from recycled polyester with the AWARE\u2122 label. 2% of the proceeds from every AWARE\u2122 product sold is donated to Water.org. PVC free.<\/p>","protected":false},"excerpt":{"rendered":"<p>Sonny Aware\u2122 RPET Cooler seljakotiga saate olla lahe ja organiseeritud. 100% rPET-ist valmistatud seljakotil on reguleeritavad \u00f5larihmad peegeldava aktsendiga, mis tagavad parema n\u00e4htavuse, \u00fclaosas rihmaga k\u00e4epide ja elastne rihm esemete kinnitamiseks. P\u00f5hisahtlis on PEVA hall h\u00f5bedane jahuti vooder, mis hoiab teie toidud ja joogid v\u00e4rskena. Sellel on ka kaks v\u00f5rgust joogihoidja taskut ja eesmine t\u00f5mblukuga [&hellip;]<\/p>\n","protected":false},"featured_media":32798,"template":"","meta":{"_acf_changed":false},"product_brand":[],"product_cat":[232,628],"product_tag":[],"class_list":{"0":"post-32777","1":"product","2":"type-product","3":"status-publish","4":"has-post-thumbnail","6":"product_cat-kotid","7":"product_cat-kulmakott","8":"pa_varv-sinine","10":"first","11":"instock","12":"taxable","13":"shipping-taxable","14":"purchasable","15":"product-type-variable","16":"has-default-attributes"},"acf":[],"_links":{"self":[{"href":"https:\/\/fifaa.ee\/en\/wp-json\/wp\/v2\/product\/32777","targetHints":{"allow":["GET"]}}],"collection":[{"href":"https:\/\/fifaa.ee\/en\/wp-json\/wp\/v2\/product"}],"about":[{"href":"https:\/\/fifaa.ee\/en\/wp-json\/wp\/v2\/types\/product"}],"wp:featuredmedia":[{"embeddable":true,"href":"https:\/\/fifaa.ee\/en\/wp-json\/wp\/v2\/media\/32798"}],"wp:attachment":[{"href":"https:\/\/fifaa.ee\/en\/wp-json\/wp\/v2\/media?parent=32777"}],"wp:term":[{"taxonomy":"product_brand","embeddable":true,"href":"https:\/\/fifaa.ee\/en\/wp-json\/wp\/v2\/product_brand?post=32777"},{"taxonomy":"product_cat","embeddable":true,"href":"https:\/\/fifaa.ee\/en\/wp-json\/wp\/v2\/product_cat?post=32777"},{"taxonomy":"product_tag","embeddable":true,"href":"https:\/\/fifaa.ee\/en\/wp-json\/wp\/v2\/product_tag?post=32777"}],"curies":[{"name":"wp","href":"https:\/\/api.w.org\/{rel}","templated":true}]}}