{"id":32824,"date":"2025-01-28T16:27:57","date_gmt":"2025-01-28T14:27:57","guid":{"rendered":"https:\/\/fifaa.ee\/?post_type=product&#038;p=32824"},"modified":"2026-04-01T17:50:07","modified_gmt":"2026-04-01T14:50:07","slug":"explorer-ripstop-keskmine-matkaseljakott-26l-pvc-vaba","status":"publish","type":"product","link":"https:\/\/fifaa.ee\/en\/product\/explorer-ripstop-keskmine-matkaseljakott-26l-pvc-vaba\/","title":{"rendered":"Explorer ripstop medium hiking backpack 26L PVC free"},"content":{"rendered":"<p>Carry and protect your belongings in this sporty backpack. The mid-length hiking backpack is made of ribstop fabric and features medium-sized internal and external pockets and a mesh back pad that makes it comfortable to carry. This backpack has a spacious main compartment with a sleeve to hold your 15.4-inch laptop. An integrated rain cover protects your bag from precipitation. Contrasting details add a bit of color and sporty style to the overall design. PVC free.<\/p>","protected":false},"excerpt":{"rendered":"<p>Kandke ja kaitske oma esemeid selles sportlikus seljakotis. Keskmise pikkusega matkaseljakott on valmistatud ribstop-kangast ja sellel on keskmise suurusega sise- ja v\u00e4listaskud ning v\u00f5rkseljapolster, mis muudab selle kandmise mugavaks. Sellel seljakotil on mahukas p\u00f5hisahtel, mille varrukas on teie 15,4-tollise s\u00fclearvuti hoidmiseks. Integreeritud vihmakate kaitseb teie kotti sademete eest. Kontrastsed detailid lisavad \u00fcldisele disainile veidi v\u00e4rvikirevust [&hellip;]<\/p>\n","protected":false},"featured_media":32834,"template":"","meta":{"_acf_changed":false},"product_brand":[],"product_cat":[232,573],"product_tag":[],"class_list":{"0":"post-32824","1":"product","2":"type-product","3":"status-publish","4":"has-post-thumbnail","6":"product_cat-kotid","7":"product_cat-seljakott","8":"pa_varv-must","10":"first","11":"instock","12":"taxable","13":"shipping-taxable","14":"purchasable","15":"product-type-variable","16":"has-default-attributes"},"acf":[],"_links":{"self":[{"href":"https:\/\/fifaa.ee\/en\/wp-json\/wp\/v2\/product\/32824","targetHints":{"allow":["GET"]}}],"collection":[{"href":"https:\/\/fifaa.ee\/en\/wp-json\/wp\/v2\/product"}],"about":[{"href":"https:\/\/fifaa.ee\/en\/wp-json\/wp\/v2\/types\/product"}],"wp:featuredmedia":[{"embeddable":true,"href":"https:\/\/fifaa.ee\/en\/wp-json\/wp\/v2\/media\/32834"}],"wp:attachment":[{"href":"https:\/\/fifaa.ee\/en\/wp-json\/wp\/v2\/media?parent=32824"}],"wp:term":[{"taxonomy":"product_brand","embeddable":true,"href":"https:\/\/fifaa.ee\/en\/wp-json\/wp\/v2\/product_brand?post=32824"},{"taxonomy":"product_cat","embeddable":true,"href":"https:\/\/fifaa.ee\/en\/wp-json\/wp\/v2\/product_cat?post=32824"},{"taxonomy":"product_tag","embeddable":true,"href":"https:\/\/fifaa.ee\/en\/wp-json\/wp\/v2\/product_tag?post=32824"}],"curies":[{"name":"wp","href":"https:\/\/api.w.org\/{rel}","templated":true}]}}