{"id":32826,"date":"2025-01-28T16:27:57","date_gmt":"2025-01-28T14:27:57","guid":{"rendered":"https:\/\/fifaa.ee\/?post_type=product&#038;p=32826"},"modified":"2026-04-01T17:50:35","modified_gmt":"2026-04-01T14:50:35","slug":"impact-aware-300d-rpet-vabaaja-seljakott","status":"publish","type":"product","link":"https:\/\/fifaa.ee\/en\/product\/impact-aware-300d-rpet-vabaaja-seljakott\/","title":{"rendered":"Impact AWARE\u2122 300D RPET casual backpack"},"content":{"rendered":"<p>The Impact AWARE\u2122 300D RPET Leisure Backpack offers plenty of storage space. A front zippered pocket keeps small items secure for quick access. The middle compartment has 2 open pockets and the main compartment has a 15&quot; laptop compartment. Comfortable shoulder straps and 2 external mesh pockets for bottles. Perfect for carrying gym gear or hiking. The exterior is made from 100% 300D recycled polyester, the lining is made from 100% 150D recycled polyester. AWARE\u2122 label confirms the genuine use of recycled materials. Each bag contains 15.39 recycled 0.5L PET bottles. 2% of the proceeds from every Impact product sold is donated to Water.org.<\/p>","protected":false},"excerpt":{"rendered":"<p>Impact AWARE\u2122 300D RPET vabaaja seljakott pakub palju hoiuruumi. Eesmine t\u00f5mblukuga tasku tagab v\u00e4ikeste esemete turvalise hoiustamise kiireks juurdep\u00e4\u00e4suks. Keskmises sahtlis on 2 avatud taskut ja p\u00f5hisahtlis on 15-tolline s\u00fclearvuti sahtel. Mugavad \u00f5larihmad ja 2 v\u00e4lisv\u00f5rktaskut pudelite jaoks. Ideaalne j\u00f5usaalivarustuse kandmiseks v\u00f5i matkamiseks. V\u00e4lispind on valmistatud 100% 300D taaskasutatud pol\u00fcestrist, vooder 100% 150D taaskasutatud pol\u00fcestrist. [&hellip;]<\/p>\n","protected":false},"featured_media":32838,"template":"","meta":{"_acf_changed":false},"product_brand":[],"product_cat":[232,626],"product_tag":[659],"class_list":{"0":"post-32826","1":"product","2":"type-product","3":"status-publish","4":"has-post-thumbnail","6":"product_cat-kotid","7":"product_cat-sulearvutikott","8":"product_tag-more-colors","9":"pa_varv-hall","10":"pa_varv-must","11":"pa_varv-pruun","12":"pa_varv-roheline","13":"pa_varv-sinine","15":"first","16":"instock","17":"taxable","18":"shipping-taxable","19":"purchasable","20":"product-type-variable","21":"has-default-attributes"},"acf":[],"_links":{"self":[{"href":"https:\/\/fifaa.ee\/en\/wp-json\/wp\/v2\/product\/32826","targetHints":{"allow":["GET"]}}],"collection":[{"href":"https:\/\/fifaa.ee\/en\/wp-json\/wp\/v2\/product"}],"about":[{"href":"https:\/\/fifaa.ee\/en\/wp-json\/wp\/v2\/types\/product"}],"wp:featuredmedia":[{"embeddable":true,"href":"https:\/\/fifaa.ee\/en\/wp-json\/wp\/v2\/media\/32838"}],"wp:attachment":[{"href":"https:\/\/fifaa.ee\/en\/wp-json\/wp\/v2\/media?parent=32826"}],"wp:term":[{"taxonomy":"product_brand","embeddable":true,"href":"https:\/\/fifaa.ee\/en\/wp-json\/wp\/v2\/product_brand?post=32826"},{"taxonomy":"product_cat","embeddable":true,"href":"https:\/\/fifaa.ee\/en\/wp-json\/wp\/v2\/product_cat?post=32826"},{"taxonomy":"product_tag","embeddable":true,"href":"https:\/\/fifaa.ee\/en\/wp-json\/wp\/v2\/product_tag?post=32826"}],"curies":[{"name":"wp","href":"https:\/\/api.w.org\/{rel}","templated":true}]}}