{"id":32870,"date":"2025-01-28T16:28:24","date_gmt":"2025-01-28T14:28:24","guid":{"rendered":"https:\/\/fifaa.ee\/?post_type=product&#038;p=32870"},"modified":"2026-04-01T17:52:27","modified_gmt":"2026-04-01T14:52:27","slug":"impact-aware-rpet-vargusvastane-156-tolline-sulearvuti-seljakott","status":"publish","type":"product","link":"https:\/\/fifaa.ee\/en\/product\/impact-aware-rpet-vargusvastane-156-tolline-sulearvuti-seljakott\/","title":{"rendered":"Impact AWARE\u2122 RPET anti-theft 15.6\u2032 laptop backpack"},"content":{"rendered":"<p>No greenwashing, just telling a true story about sustainability! This Impact collection is made with the AWARE\u2122 imprint. With AWARE\u2122, the use of genuine recycled fabric materials and water reduction claims are guaranteed through AWARE&#039;s disruptive physical imprint and blockchain technology. Save water and use genuine recycled fabrics. When you choose this product, you save 20 liters of water and 33 plastic bottles are recycled. With a focus on water, 2% of the proceeds from every Impact product sold is donated to Water.org. The AWARE\u2122 Luxury 15.6&quot; Laptop Backpack impresses with its modern and simple look. The clean design makes the backpack highly versatile and ideal for both work and leisure. The spacious main compartment fits a 15.6&quot; laptop. An internal sleeve and zip pockets keep your small essentials organized. Inside and out 100% recycled polyester with AWARE\u2122 labeling. PVC-free. Impact savings based on reliable LCA data from the Textile Exchange.<\/p>","protected":false},"excerpt":{"rendered":"<p>Ei mingit rohepesu, vaid r\u00e4\u00e4gib t\u00f5estis\u00fcndinud lugu j\u00e4tkusuutlikkusest! See Impact kollektsioon on valmistatud AWARE\u2122 j\u00e4ljendajaga. AWARE\u2122 abil on AWARE h\u00e4iriva f\u00fc\u00fcsilise j\u00e4ljendi ja plokiahela tehnoloogia abil tagatud ehtsate ringlussev\u00f5etud kangamaterjalide kasutamine ja vee v\u00e4hendamise v\u00e4ited. S\u00e4\u00e4stke vett ja kasutage ehtsaid taaskasutatud kangaid. Kui valite selle toote, s\u00e4\u00e4state 20 liitrit vett ja 33 plastpudelit on taaskasutatud. [&hellip;]<\/p>\n","protected":false},"featured_media":32892,"template":"","meta":{"_acf_changed":false},"product_brand":[],"product_cat":[232,573],"product_tag":[659],"class_list":{"0":"post-32870","1":"product","2":"type-product","3":"status-publish","4":"has-post-thumbnail","6":"product_cat-kotid","7":"product_cat-seljakott","8":"product_tag-more-colors","9":"pa_varv-hall","10":"pa_varv-must","11":"pa_varv-sinine","13":"first","14":"instock","15":"taxable","16":"shipping-taxable","17":"purchasable","18":"product-type-variable","19":"has-default-attributes"},"acf":[],"_links":{"self":[{"href":"https:\/\/fifaa.ee\/en\/wp-json\/wp\/v2\/product\/32870","targetHints":{"allow":["GET"]}}],"collection":[{"href":"https:\/\/fifaa.ee\/en\/wp-json\/wp\/v2\/product"}],"about":[{"href":"https:\/\/fifaa.ee\/en\/wp-json\/wp\/v2\/types\/product"}],"wp:featuredmedia":[{"embeddable":true,"href":"https:\/\/fifaa.ee\/en\/wp-json\/wp\/v2\/media\/32892"}],"wp:attachment":[{"href":"https:\/\/fifaa.ee\/en\/wp-json\/wp\/v2\/media?parent=32870"}],"wp:term":[{"taxonomy":"product_brand","embeddable":true,"href":"https:\/\/fifaa.ee\/en\/wp-json\/wp\/v2\/product_brand?post=32870"},{"taxonomy":"product_cat","embeddable":true,"href":"https:\/\/fifaa.ee\/en\/wp-json\/wp\/v2\/product_cat?post=32870"},{"taxonomy":"product_tag","embeddable":true,"href":"https:\/\/fifaa.ee\/en\/wp-json\/wp\/v2\/product_tag?post=32870"}],"curies":[{"name":"wp","href":"https:\/\/api.w.org\/{rel}","templated":true}]}}