{"id":32963,"date":"2025-01-28T16:29:02","date_gmt":"2025-01-28T14:29:02","guid":{"rendered":"https:\/\/fifaa.ee\/?post_type=product&#038;p=32963"},"modified":"2026-04-01T17:54:06","modified_gmt":"2026-04-01T14:54:06","slug":"madridi-vargusvastane-rfid-usb-sulearvuti-seljakott-pvc-vaba","status":"publish","type":"product","link":"https:\/\/fifaa.ee\/en\/product\/madridi-vargusvastane-rfid-usb-sulearvuti-seljakott-pvc-vaba\/","title":{"rendered":"Madrid anti-theft RFID USB laptop backpack PVC free"},"content":{"rendered":"<p>The interior of this unisex anti-theft backpack is ingeniously padded to protect all your valuable electronics. Now you can store your 15.6&quot; laptop, tablet, headphones and more without fear of them getting damaged or stolen. Includes RFID-protected sleeve pockets and a USB port. PVC free. Registered Design\u00ae<\/p>","protected":false},"excerpt":{"rendered":"<p>Selle unisex-vargusvastase seljakoti sisemus on geniaalselt polsterdatud, et kaitsta kogu teie v\u00e4\u00e4rtuslikku elektroonikat. N\u00fc\u00fcd saate salvestada oma 15,6-tollise s\u00fclearvuti, tahvelarvuti, k\u00f5rvaklapid ja palju muud, kartmata, et need saavad kahjustada v\u00f5i varastada. Sisaldab RFID-kaitsega varrukatetaskuid ja USB-poolset v\u00e4ljundit. PVC vaba. Registreeritud disain\u00ae<\/p>","protected":false},"featured_media":32982,"template":"","meta":{"_acf_changed":false},"product_brand":[],"product_cat":[232,573],"product_tag":[],"class_list":{"0":"post-32963","1":"product","2":"type-product","3":"status-publish","4":"has-post-thumbnail","6":"product_cat-kotid","7":"product_cat-seljakott","8":"pa_varv-must","10":"first","11":"instock","12":"taxable","13":"shipping-taxable","14":"purchasable","15":"product-type-variable","16":"has-default-attributes"},"acf":[],"_links":{"self":[{"href":"https:\/\/fifaa.ee\/en\/wp-json\/wp\/v2\/product\/32963","targetHints":{"allow":["GET"]}}],"collection":[{"href":"https:\/\/fifaa.ee\/en\/wp-json\/wp\/v2\/product"}],"about":[{"href":"https:\/\/fifaa.ee\/en\/wp-json\/wp\/v2\/types\/product"}],"wp:featuredmedia":[{"embeddable":true,"href":"https:\/\/fifaa.ee\/en\/wp-json\/wp\/v2\/media\/32982"}],"wp:attachment":[{"href":"https:\/\/fifaa.ee\/en\/wp-json\/wp\/v2\/media?parent=32963"}],"wp:term":[{"taxonomy":"product_brand","embeddable":true,"href":"https:\/\/fifaa.ee\/en\/wp-json\/wp\/v2\/product_brand?post=32963"},{"taxonomy":"product_cat","embeddable":true,"href":"https:\/\/fifaa.ee\/en\/wp-json\/wp\/v2\/product_cat?post=32963"},{"taxonomy":"product_tag","embeddable":true,"href":"https:\/\/fifaa.ee\/en\/wp-json\/wp\/v2\/product_tag?post=32963"}],"curies":[{"name":"wp","href":"https:\/\/api.w.org\/{rel}","templated":true}]}}