{"id":32965,"date":"2025-01-28T16:29:02","date_gmt":"2025-01-28T14:29:02","guid":{"rendered":"https:\/\/fifaa.ee\/?post_type=product&#038;p=32965"},"modified":"2026-04-01T17:54:32","modified_gmt":"2026-04-01T14:54:32","slug":"impact-aware-taaskasutatud-puuvillast-kott-330-gsm","status":"publish","type":"product","link":"https:\/\/fifaa.ee\/en\/product\/impact-aware-taaskasutatud-puuvillast-kott-330-gsm\/","title":{"rendered":"Impact AWARE\u2122 recycled cotton tote 330 gsm"},"content":{"rendered":"<p>No greenwashing, just telling a true story about sustainability! This Impact collection is made with the AWARE\u2122 Tracer. AWARE\u2122 ensures the use of genuine recycled fabric materials and water reduction claims using AWARE\u2019s disruptive physical tracer and blockchain technology. Save water and use genuine recycled fabrics. A standard cotton bag uses 1,200 liters of water. AWARE\u2122 Recycled Cotton uses almost no water! With a focus on water, 2% of the proceeds from every Impact product sold is donated to Water.org. Carry your essentials in this everyday tote bag made from 100% of recycled materials with the AWARE\u2122 label. This tote bag (330 g\/m2) has a simple design and two top handles that can be carried on the shoulder or in the hand. A truly sustainable and reusable bag for everyday use.<\/p>","protected":false},"excerpt":{"rendered":"<p>Ei mingit rohepesu, vaid r\u00e4\u00e4gib t\u00f5estis\u00fcndinud lugu j\u00e4tkusuutlikkusest! See Impact kollektsioon on valmistatud AWARE\u2122 j\u00e4ljendajaga. AWARE\u2122-iga tagatakse ehtsate ringlussev\u00f5etud kangamaterjalide kasutamine ja vee v\u00e4hendamise v\u00e4ited, kasutades AWARE h\u00e4irivat f\u00fc\u00fcsilist j\u00e4litusainet ja plokiahela tehnoloogiat. S\u00e4\u00e4stke vett ja kasutage ehtsaid taaskasutatud kangaid. Tavaline puuvillane kott kulutab 1200 liitrit vett. AWARE\u2122 Taaskasutatud puuvill ei vaja peaaegu \u00fcldse vett! [&hellip;]<\/p>\n","protected":false},"featured_media":32986,"template":"","meta":{"_acf_changed":false},"product_brand":[],"product_cat":[232],"product_tag":[659],"class_list":{"0":"post-32965","1":"product","2":"type-product","3":"status-publish","4":"has-post-thumbnail","6":"product_cat-kotid","7":"product_tag-more-colors","8":"pa_varv-must","9":"pa_varv-sinine","10":"pa_varv-valge-new","12":"first","13":"instock","14":"taxable","15":"shipping-taxable","16":"purchasable","17":"product-type-variable","18":"has-default-attributes"},"acf":[],"_links":{"self":[{"href":"https:\/\/fifaa.ee\/en\/wp-json\/wp\/v2\/product\/32965","targetHints":{"allow":["GET"]}}],"collection":[{"href":"https:\/\/fifaa.ee\/en\/wp-json\/wp\/v2\/product"}],"about":[{"href":"https:\/\/fifaa.ee\/en\/wp-json\/wp\/v2\/types\/product"}],"wp:featuredmedia":[{"embeddable":true,"href":"https:\/\/fifaa.ee\/en\/wp-json\/wp\/v2\/media\/32986"}],"wp:attachment":[{"href":"https:\/\/fifaa.ee\/en\/wp-json\/wp\/v2\/media?parent=32965"}],"wp:term":[{"taxonomy":"product_brand","embeddable":true,"href":"https:\/\/fifaa.ee\/en\/wp-json\/wp\/v2\/product_brand?post=32965"},{"taxonomy":"product_cat","embeddable":true,"href":"https:\/\/fifaa.ee\/en\/wp-json\/wp\/v2\/product_cat?post=32965"},{"taxonomy":"product_tag","embeddable":true,"href":"https:\/\/fifaa.ee\/en\/wp-json\/wp\/v2\/product_tag?post=32965"}],"curies":[{"name":"wp","href":"https:\/\/api.w.org\/{rel}","templated":true}]}}