{"id":32966,"date":"2025-01-28T16:29:02","date_gmt":"2025-01-28T14:29:02","guid":{"rendered":"https:\/\/fifaa.ee\/?post_type=product&#038;p=32966"},"modified":"2026-04-01T17:54:32","modified_gmt":"2026-04-01T14:54:32","slug":"swiss-peak-sulearvuti-seljakott-uv-c-steriliseerimistaskuga","status":"publish","type":"product","link":"https:\/\/fifaa.ee\/en\/product\/swiss-peak-sulearvuti-seljakott-uv-c-steriliseerimistaskuga\/","title":{"rendered":"Swiss Peak laptop backpack with UV-C sterilizer pocket"},"content":{"rendered":"<p>This unique Swiss Peak laptop backpack with UV-C sterilizing pocket features a minimalist design and an integrated UV-C sterilizing external front pocket that kills up to 99.91% of bacteria on items placed inside the bag. Perfect for disinfecting keys and phones on the go in 3 minutes. The three UV-C LED lights inside are non-toxic and mercury-free. The design also ensures that the UV-C LED light automatically turns off when the sterilizing pocket is opened via the zipper, so the user is not exposed to UV-C light. The main compartment of the backpack has a laptop compartment that can accommodate a 15.6-inch laptop, 2 open pockets and 2 pen loops. Mesh padded back and straps for comfort. Includes a micro USB cable that you can use to connect your power bank to charge the UV-C bag. Exterior 600D and 900D PU coated polyester. Interior 210D polyester. Complies with EN62471. PVC free.<\/p>","protected":false},"excerpt":{"rendered":"<p>See ainulaadne Swiss Peak s\u00fclearvuti seljakott koos UV-C-steriliseeriva taskuga on minimalistliku disaini ja integreeritud UV-C-steriliseeriva v\u00e4lise esitaskuga, mis tapab kuni 99,9% koti sisse asetatud esemetel olevatest bakteritest. Ideaalne v\u00f5tmete ja telefoni desinfitseerimiseks n\u00e4iteks liikvel olles 3 minutiga. Kolm sees olevat UV-C LED-valgustit on mittetoksilised ja elavh\u00f5bedavabad. Disain tagab ka selle, et UV-C LED-tuli l\u00fclitub automaatselt [&hellip;]<\/p>\n","protected":false},"featured_media":32994,"template":"","meta":{"_acf_changed":false},"product_brand":[],"product_cat":[232,626],"product_tag":[],"class_list":{"0":"post-32966","1":"product","2":"type-product","3":"status-publish","4":"has-post-thumbnail","6":"product_cat-kotid","7":"product_cat-sulearvutikott","8":"pa_varv-must","10":"first","11":"instock","12":"taxable","13":"shipping-taxable","14":"purchasable","15":"product-type-variable","16":"has-default-attributes"},"acf":[],"_links":{"self":[{"href":"https:\/\/fifaa.ee\/en\/wp-json\/wp\/v2\/product\/32966","targetHints":{"allow":["GET"]}}],"collection":[{"href":"https:\/\/fifaa.ee\/en\/wp-json\/wp\/v2\/product"}],"about":[{"href":"https:\/\/fifaa.ee\/en\/wp-json\/wp\/v2\/types\/product"}],"wp:featuredmedia":[{"embeddable":true,"href":"https:\/\/fifaa.ee\/en\/wp-json\/wp\/v2\/media\/32994"}],"wp:attachment":[{"href":"https:\/\/fifaa.ee\/en\/wp-json\/wp\/v2\/media?parent=32966"}],"wp:term":[{"taxonomy":"product_brand","embeddable":true,"href":"https:\/\/fifaa.ee\/en\/wp-json\/wp\/v2\/product_brand?post=32966"},{"taxonomy":"product_cat","embeddable":true,"href":"https:\/\/fifaa.ee\/en\/wp-json\/wp\/v2\/product_cat?post=32966"},{"taxonomy":"product_tag","embeddable":true,"href":"https:\/\/fifaa.ee\/en\/wp-json\/wp\/v2\/product_tag?post=32966"}],"curies":[{"name":"wp","href":"https:\/\/api.w.org\/{rel}","templated":true}]}}