{"id":32969,"date":"2025-01-28T16:29:02","date_gmt":"2025-01-28T14:29:02","guid":{"rendered":"https:\/\/fifaa.ee\/?post_type=product&#038;p=32969"},"modified":"2026-04-01T17:54:55","modified_gmt":"2026-04-01T14:54:55","slug":"swiss-peak-kabriolett-pvc-vaba-reisiseljakott","status":"publish","type":"product","link":"https:\/\/fifaa.ee\/en\/product\/swiss-peak-kabriolett-pvc-vaba-reisiseljakott\/","title":{"rendered":"Swiss peak convertible travel backpack PVC free"},"content":{"rendered":"<p>Break down barriers with a convertible backpack. Functional organization and business features make this backpack an everyday choice. 4-1 Convertible: 1. Backpack: Attach the padded straps to the safety rings and adjust the fit to create a backpack mode. 2. Shoulder: Release and tuck the backpack straps into the sleeve, attach and adjust the shoulder strap for a comfortable shoulder carry. 3. Crossbody: When fully packed, adjust the shoulder strap for a more comfortable, secure, and hands-free commute across the body. 4. Handheld: Pull the backpack straps together and remove the shoulder strap, carry from either the top or side handle for a handheld option. Features a 15.6-inch laptop compartment on the back. Large main compartment for travel essentials and a front zippered pocket for all your tech essentials. Includes RFID-protected sleeves and a trolley luggage strap. PVC free.<\/p>","protected":false},"excerpt":{"rendered":"<p>Murdke t\u00f5kked kabriolett seljakotiga. Funktsionaalne korraldus ja \u00e4rifunktsioonid tagavad, et see seljakott on igap\u00e4evane valik. 4-1 Teisendatavus: 1. Seljakott: kinnitage polsterdatud rihmad turvar\u00f5ngaste k\u00fclge ja reguleerige seljakotire\u017eiimi loomiseks sobivust. 2. \u00d5lg: vabastage ja suruge seljakoti rihmad varruka sisse, kinnitage ja reguleerige \u00f5larihma, et seda oleks mugav \u00f5lal kanda. 3. Crossbody: kui see on t\u00e4is pakitud, [&hellip;]<\/p>\n","protected":false},"featured_media":33004,"template":"","meta":{"_acf_changed":false},"product_brand":[],"product_cat":[232,626],"product_tag":[],"class_list":{"0":"post-32969","1":"product","2":"type-product","3":"status-publish","4":"has-post-thumbnail","6":"product_cat-kotid","7":"product_cat-sulearvutikott","8":"pa_varv-must","10":"first","11":"instock","12":"taxable","13":"shipping-taxable","14":"purchasable","15":"product-type-variable","16":"has-default-attributes"},"acf":[],"_links":{"self":[{"href":"https:\/\/fifaa.ee\/en\/wp-json\/wp\/v2\/product\/32969","targetHints":{"allow":["GET"]}}],"collection":[{"href":"https:\/\/fifaa.ee\/en\/wp-json\/wp\/v2\/product"}],"about":[{"href":"https:\/\/fifaa.ee\/en\/wp-json\/wp\/v2\/types\/product"}],"wp:featuredmedia":[{"embeddable":true,"href":"https:\/\/fifaa.ee\/en\/wp-json\/wp\/v2\/media\/33004"}],"wp:attachment":[{"href":"https:\/\/fifaa.ee\/en\/wp-json\/wp\/v2\/media?parent=32969"}],"wp:term":[{"taxonomy":"product_brand","embeddable":true,"href":"https:\/\/fifaa.ee\/en\/wp-json\/wp\/v2\/product_brand?post=32969"},{"taxonomy":"product_cat","embeddable":true,"href":"https:\/\/fifaa.ee\/en\/wp-json\/wp\/v2\/product_cat?post=32969"},{"taxonomy":"product_tag","embeddable":true,"href":"https:\/\/fifaa.ee\/en\/wp-json\/wp\/v2\/product_tag?post=32969"}],"curies":[{"name":"wp","href":"https:\/\/api.w.org\/{rel}","templated":true}]}}