{"id":32971,"date":"2025-01-28T16:29:02","date_gmt":"2025-01-28T14:29:02","guid":{"rendered":"https:\/\/fifaa.ee\/?post_type=product&#038;p=32971"},"modified":"2026-04-01T17:54:55","modified_gmt":"2026-04-01T14:54:55","slug":"aware-rpet-peegeldav-sulearvuti-seljakott","status":"publish","type":"product","link":"https:\/\/fifaa.ee\/en\/product\/aware-rpet-peegeldav-sulearvuti-seljakott\/","title":{"rendered":"AWARE\u2122 RPET Reflective laptop backpack"},"content":{"rendered":"<p>Increase your visibility in style with this backpack made from 100% recycled polyester and AWARE\u2122 traceable material. With AWARE\u2122, AWARE uses disruptive physical footprinting and blockchain technology to ensure the use of genuine recycled fabric materials and water reduction claims. Save water and use genuine recycled fabrics. The backpack features a modern reflective print, a main compartment with a 15.6&quot; laptop compartment, a front zippered pocket and 2 mesh pockets. Adjustable straps. PVC free. This bag saved 8 liters of water and is made from 16 plastic bottles.<\/p>","protected":false},"excerpt":{"rendered":"<p>Suurendage oma n\u00e4htavust stiilselt selle seljakotiga, mis on valmistatud 100% taaskasutatud pol\u00fcestrist ja AWARE\u2122 j\u00e4litusainest. AWARE\u2122 abil on AWARE h\u00e4iriva f\u00fc\u00fcsilise j\u00e4ljendi ja plokiahela tehnoloogia abil tagatud ehtsate ringlussev\u00f5etud kangamaterjalide kasutamine ja vee v\u00e4hendamise v\u00e4ited. S\u00e4\u00e4stke vett ja kasutage ehtsaid taaskasutatud kangaid. Seljakotil on kaasaegne helkurprint, p\u00f5hisahtel 15,6-tollise s\u00fclearvuti sahtliga, eesmine t\u00f5mblukuga tasku ja 2 [&hellip;]<\/p>\n","protected":false},"featured_media":33008,"template":"","meta":{"_acf_changed":false},"product_brand":[],"product_cat":[232,626],"product_tag":[],"class_list":{"0":"post-32971","1":"product","2":"type-product","3":"status-publish","4":"has-post-thumbnail","6":"product_cat-kotid","7":"product_cat-sulearvutikott","8":"pa_varv-must","10":"first","11":"instock","12":"taxable","13":"shipping-taxable","14":"purchasable","15":"product-type-variable","16":"has-default-attributes"},"acf":[],"_links":{"self":[{"href":"https:\/\/fifaa.ee\/en\/wp-json\/wp\/v2\/product\/32971","targetHints":{"allow":["GET"]}}],"collection":[{"href":"https:\/\/fifaa.ee\/en\/wp-json\/wp\/v2\/product"}],"about":[{"href":"https:\/\/fifaa.ee\/en\/wp-json\/wp\/v2\/types\/product"}],"wp:featuredmedia":[{"embeddable":true,"href":"https:\/\/fifaa.ee\/en\/wp-json\/wp\/v2\/media\/33008"}],"wp:attachment":[{"href":"https:\/\/fifaa.ee\/en\/wp-json\/wp\/v2\/media?parent=32971"}],"wp:term":[{"taxonomy":"product_brand","embeddable":true,"href":"https:\/\/fifaa.ee\/en\/wp-json\/wp\/v2\/product_brand?post=32971"},{"taxonomy":"product_cat","embeddable":true,"href":"https:\/\/fifaa.ee\/en\/wp-json\/wp\/v2\/product_cat?post=32971"},{"taxonomy":"product_tag","embeddable":true,"href":"https:\/\/fifaa.ee\/en\/wp-json\/wp\/v2\/product_tag?post=32971"}],"curies":[{"name":"wp","href":"https:\/\/api.w.org\/{rel}","templated":true}]}}