{"id":33010,"date":"2025-01-28T16:29:29","date_gmt":"2025-01-28T14:29:29","guid":{"rendered":"https:\/\/fifaa.ee\/?post_type=product&#038;p=33010"},"modified":"2026-04-01T17:55:43","modified_gmt":"2026-04-01T14:55:43","slug":"impact-aware-taaskasutatud-puuvillast-pingutusnooriga-seljakott-145g","status":"publish","type":"product","link":"https:\/\/fifaa.ee\/en\/product\/impact-aware-taaskasutatud-puuvillast-pingutusnooriga-seljakott-145g\/","title":{"rendered":"Impact AWARE\u2122 recycled cotton drawstring backpack 145g"},"content":{"rendered":"<p>Tell a true story about sustainability and wear it with pride! This versatile 145g recycled cotton drawstring backpack is equipped with AWARE\u2122 tracking technology. Wear it to the gym or just for everyday use. AWARE\u2122 guarantees the use of genuine recycled fabric materials (70% cotton and 30% rpet) and water reduction claims. Save water and use genuine recycled fabrics. When you choose this product, you save 562-641 liters of water depending on the color. With a focus on water, 2% of the proceeds from every Impact product sold is donated to Water.org. Water savings are based on numbers compared to conventional fibers. This calculated figure is based on reliable LCA data published by Textile Exchange in its 2016 Material Snapshots.<\/p>","protected":false},"excerpt":{"rendered":"<p>R\u00e4\u00e4kige j\u00e4tkusuutlikkusest t\u00f5estis\u00fcndinud lugu ja kandke seda uhkusega! See mitmek\u00fclgne 145 g taaskasutatud puuvillast pingutusn\u00f6\u00f6riga seljakott on varustatud AWARE\u2122 j\u00e4lgimistehnoloogiaga. Kandke seda j\u00f5usaalis v\u00f5i lihtsalt igap\u00e4evaseks kasutamiseks. AWARE\u2122-iga on garanteeritud ehtsate taaskasutatud kangamaterjalide (70% puuvilla ja 30% rpet) kasutamine ja vee v\u00e4hendamise v\u00e4ited. S\u00e4\u00e4stke vett ja kasutage ehtsaid taaskasutatud kangaid. Kui valite selle toote, s\u00e4\u00e4state [&hellip;]<\/p>\n","protected":false},"featured_media":33031,"template":"","meta":{"_acf_changed":false},"product_brand":[],"product_cat":[232],"product_tag":[659],"class_list":{"0":"post-33010","1":"product","2":"type-product","3":"status-publish","4":"has-post-thumbnail","6":"product_cat-kotid","7":"product_tag-more-colors","8":"pa_varv-hall","9":"pa_varv-kollane","10":"pa_varv-must","11":"pa_varv-punane","12":"pa_varv-roheline","13":"pa_varv-sinine","14":"pa_varv-valge-new","16":"first","17":"instock","18":"taxable","19":"shipping-taxable","20":"purchasable","21":"product-type-variable","22":"has-default-attributes"},"acf":[],"_links":{"self":[{"href":"https:\/\/fifaa.ee\/en\/wp-json\/wp\/v2\/product\/33010","targetHints":{"allow":["GET"]}}],"collection":[{"href":"https:\/\/fifaa.ee\/en\/wp-json\/wp\/v2\/product"}],"about":[{"href":"https:\/\/fifaa.ee\/en\/wp-json\/wp\/v2\/types\/product"}],"wp:featuredmedia":[{"embeddable":true,"href":"https:\/\/fifaa.ee\/en\/wp-json\/wp\/v2\/media\/33031"}],"wp:attachment":[{"href":"https:\/\/fifaa.ee\/en\/wp-json\/wp\/v2\/media?parent=33010"}],"wp:term":[{"taxonomy":"product_brand","embeddable":true,"href":"https:\/\/fifaa.ee\/en\/wp-json\/wp\/v2\/product_brand?post=33010"},{"taxonomy":"product_cat","embeddable":true,"href":"https:\/\/fifaa.ee\/en\/wp-json\/wp\/v2\/product_cat?post=33010"},{"taxonomy":"product_tag","embeddable":true,"href":"https:\/\/fifaa.ee\/en\/wp-json\/wp\/v2\/product_tag?post=33010"}],"curies":[{"name":"wp","href":"https:\/\/api.w.org\/{rel}","templated":true}]}}