{"id":33055,"date":"2025-01-28T16:29:50","date_gmt":"2025-01-28T14:29:50","guid":{"rendered":"https:\/\/fifaa.ee\/?post_type=product&#038;p=33055"},"modified":"2026-04-01T17:56:30","modified_gmt":"2026-04-01T14:56:30","slug":"impact-aware-taaskasutatud-puuvillast-ostleja-145g","status":"publish","type":"product","link":"https:\/\/fifaa.ee\/en\/product\/impact-aware-taaskasutatud-puuvillast-ostleja-145g\/","title":{"rendered":"Impact AWARE\u2122 Recycled cotton shopper 145g"},"content":{"rendered":"<p>Tell a true story about sustainability and wear it with pride! Carry all your essentials in this functional 145 g\/m\u00b2 recycled cotton tote bag. The tote bag has a 14 cm wide strap for extra storage and is equipped with AWARE\u2122 tracking technology. AWARE\u2122 guarantees the use of genuine recycled fabric materials (70% cotton\/30% rpet) and water content reduction claims. Save water and use genuine recycled fabrics. When you choose this product, you save 860 liters of water. With a focus on water, 2% of the proceeds from every Impact product sold is donated to Water.org. Water savings are based on numbers compared to conventional fibers. This calculated figure is based on reliable LCA data published by Textile Exchange in its 2016 Material Snapshots.<\/p>","protected":false},"excerpt":{"rendered":"<p>R\u00e4\u00e4kige j\u00e4tkusuutlikkusest t\u00f5estis\u00fcndinud lugu ja kandke seda uhkusega! Kandke k\u00f5iki oma olulisi asju selles funktsionaalses taaskasutatud 145 g\/m\u00b2 puuvillases kandekotis. Kandekotil on 14 cm laiune kinnitus t\u00e4iendavaks hoiustamiseks ja see on sisseehitatud AWARE\u2122 j\u00e4lgimistehnoloogiaga. AWARE\u2122-iga on garanteeritud ehtsate taaskasutatud kangamaterjalide kasutamine (70% puuvilla\/30% rpet) ja veesisalduse v\u00e4hendamise v\u00e4ited. S\u00e4\u00e4stke vett ja kasutage ehtsaid taaskasutatud kangaid. [&hellip;]<\/p>\n","protected":false},"featured_media":33069,"template":"","meta":{"_acf_changed":false},"product_brand":[],"product_cat":[232],"product_tag":[659],"class_list":{"0":"post-33055","1":"product","2":"type-product","3":"status-publish","4":"has-post-thumbnail","6":"product_cat-kotid","7":"product_tag-more-colors","8":"pa_varv-hall","9":"pa_varv-must","10":"pa_varv-sinine","11":"pa_varv-valge-new","13":"first","14":"instock","15":"taxable","16":"shipping-taxable","17":"purchasable","18":"product-type-variable","19":"has-default-attributes"},"acf":[],"_links":{"self":[{"href":"https:\/\/fifaa.ee\/en\/wp-json\/wp\/v2\/product\/33055","targetHints":{"allow":["GET"]}}],"collection":[{"href":"https:\/\/fifaa.ee\/en\/wp-json\/wp\/v2\/product"}],"about":[{"href":"https:\/\/fifaa.ee\/en\/wp-json\/wp\/v2\/types\/product"}],"wp:featuredmedia":[{"embeddable":true,"href":"https:\/\/fifaa.ee\/en\/wp-json\/wp\/v2\/media\/33069"}],"wp:attachment":[{"href":"https:\/\/fifaa.ee\/en\/wp-json\/wp\/v2\/media?parent=33055"}],"wp:term":[{"taxonomy":"product_brand","embeddable":true,"href":"https:\/\/fifaa.ee\/en\/wp-json\/wp\/v2\/product_brand?post=33055"},{"taxonomy":"product_cat","embeddable":true,"href":"https:\/\/fifaa.ee\/en\/wp-json\/wp\/v2\/product_cat?post=33055"},{"taxonomy":"product_tag","embeddable":true,"href":"https:\/\/fifaa.ee\/en\/wp-json\/wp\/v2\/product_tag?post=33055"}],"curies":[{"name":"wp","href":"https:\/\/api.w.org\/{rel}","templated":true}]}}