{"id":33058,"date":"2025-01-28T16:29:50","date_gmt":"2025-01-28T14:29:50","guid":{"rendered":"https:\/\/fifaa.ee\/?post_type=product&#038;p=33058"},"modified":"2026-04-01T17:57:13","modified_gmt":"2026-04-01T14:57:13","slug":"impact-aware-rpet-190t-nooriga-kott","status":"publish","type":"product","link":"https:\/\/fifaa.ee\/en\/product\/impact-aware-rpet-190t-nooriga-kott\/","title":{"rendered":"Impact AWARE\u2122 RPET 190T drawstring bag"},"content":{"rendered":"<p>No greenwashing, just telling a true story of sustainability! This Impact 190T RPET drawstring bag is made with the AWARE\u2122 imprint. With AWARE\u2122, AWARE uses disruptive physical imprinting and blockchain technology to ensure the use of genuine recycled fabric materials and water reduction claims. Save water and use genuine recycled fabrics. With a focus on water, 2% of the proceeds from every Impact product sold is donated to Water.org. The drawstring bag is super lightweight and easy to take anywhere you go. This bag has recycled 2.4 PET bottles (500ml) and saved 1.41 liters of water. Water savings are based on numbers compared to conventional fibers. This calculated figure is based on reliable LCA data published by Textile Exchange in its 2016 Material Snapshots.<\/p>","protected":false},"excerpt":{"rendered":"<p>Ei mingit rohepesu, vaid r\u00e4\u00e4gib t\u00f5estis\u00fcndinud lugu j\u00e4tkusuutlikkusest! See Impact 190T RPET n\u00f6\u00f6riga kott on valmistatud AWARE\u2122 j\u00e4ljendiga. AWARE\u2122 abil on AWARE h\u00e4iriva f\u00fc\u00fcsilise j\u00e4ljendi ja plokiahela tehnoloogia abil tagatud ehtsate ringlussev\u00f5etud kangamaterjalide kasutamine ja vee v\u00e4hendamise v\u00e4ited. S\u00e4\u00e4stke vett ja kasutage ehtsaid taaskasutatud kangaid. Keskendudes veele, annetatakse 2% iga m\u00fc\u00fcdud Impact toote tulust veebisaidile [&hellip;]<\/p>\n","protected":false},"featured_media":33112,"template":"","meta":{"_acf_changed":false},"product_brand":[],"product_cat":[232],"product_tag":[659],"class_list":{"0":"post-33058","1":"product","2":"type-product","3":"status-publish","4":"has-post-thumbnail","6":"product_cat-kotid","7":"product_tag-more-colors","8":"pa_varv-hall","9":"pa_varv-must","10":"pa_varv-punane","11":"pa_varv-roheline","12":"pa_varv-sinine","13":"pa_varv-valge-new","15":"first","16":"instock","17":"taxable","18":"shipping-taxable","19":"purchasable","20":"product-type-variable","21":"has-default-attributes"},"acf":[],"_links":{"self":[{"href":"https:\/\/fifaa.ee\/en\/wp-json\/wp\/v2\/product\/33058","targetHints":{"allow":["GET"]}}],"collection":[{"href":"https:\/\/fifaa.ee\/en\/wp-json\/wp\/v2\/product"}],"about":[{"href":"https:\/\/fifaa.ee\/en\/wp-json\/wp\/v2\/types\/product"}],"wp:featuredmedia":[{"embeddable":true,"href":"https:\/\/fifaa.ee\/en\/wp-json\/wp\/v2\/media\/33112"}],"wp:attachment":[{"href":"https:\/\/fifaa.ee\/en\/wp-json\/wp\/v2\/media?parent=33058"}],"wp:term":[{"taxonomy":"product_brand","embeddable":true,"href":"https:\/\/fifaa.ee\/en\/wp-json\/wp\/v2\/product_brand?post=33058"},{"taxonomy":"product_cat","embeddable":true,"href":"https:\/\/fifaa.ee\/en\/wp-json\/wp\/v2\/product_cat?post=33058"},{"taxonomy":"product_tag","embeddable":true,"href":"https:\/\/fifaa.ee\/en\/wp-json\/wp\/v2\/product_tag?post=33058"}],"curies":[{"name":"wp","href":"https:\/\/api.w.org\/{rel}","templated":true}]}}