{"id":33101,"date":"2025-01-28T16:30:10","date_gmt":"2025-01-28T14:30:10","guid":{"rendered":"https:\/\/fifaa.ee\/?post_type=product&#038;p=33101"},"modified":"2026-04-01T17:57:13","modified_gmt":"2026-04-01T14:57:13","slug":"swiss-peak-aware-kaks-uhes-sulearvuti-seljakott","status":"publish","type":"product","link":"https:\/\/fifaa.ee\/en\/product\/swiss-peak-aware-kaks-uhes-sulearvuti-seljakott\/","title":{"rendered":"Swiss Peak Aware\u2122 executive 2-in-1 laptop backpack"},"content":{"rendered":"<p>Maximum functionality in a minimalist form - the Swiss Peak 2-in-1 executive laptop bag is a smart two-way tote bag that combines the best of a briefcase and backpack in one. The backpack-briefcase hybrid maneuvers as easily as a briefcase or backpack and switches between the two. Packed with features, it includes 2 front pockets, multiple interior pockets, a separate padded 15.6-inch laptop compartment and a spacious overnight compartment. This versatile companion with a hidden luggage sleeve for carry-on luggage is an all-in-one solution for all your travels. AWARE\u2122 label, confirming the genuine use of recycled materials. 49.3 recycled PET bottles are used in each bag. 2% of the proceeds from every Aware\u2122 product sold is donated to Water.org.<\/p>","protected":false},"excerpt":{"rendered":"<p>Maksimaalne funktsioon minimalistlikul kujul \u2013 Swiss Peak 2-in 1 juhi s\u00fclearvutikott on nutikas kahesuunaline kandekott, mis \u00fchendab endas parimad portfelli ja seljakotid \u00fches. Seljakoti-portfelli h\u00fcbriid man\u00f6\u00f6verdab sama h\u00f5lpsalt nagu portfell v\u00f5i seljakott ning l\u00fclitub nende vahel. T\u00e4is funktsioone, sisaldab 2 esitaskut, mitu sisetaskut, eraldi polsterdatud 15,6-tolline s\u00fclearvuti sahtel ja ruumikas sahtel \u00f6\u00f6bimiseks. See mitmek\u00fclgne kaaslane [&hellip;]<\/p>\n","protected":false},"featured_media":33126,"template":"","meta":{"_acf_changed":false},"product_brand":[],"product_cat":[232,626],"product_tag":[],"class_list":{"0":"post-33101","1":"product","2":"type-product","3":"status-publish","4":"has-post-thumbnail","6":"product_cat-kotid","7":"product_cat-sulearvutikott","8":"pa_varv-must","10":"first","11":"instock","12":"taxable","13":"shipping-taxable","14":"purchasable","15":"product-type-variable","16":"has-default-attributes"},"acf":[],"_links":{"self":[{"href":"https:\/\/fifaa.ee\/en\/wp-json\/wp\/v2\/product\/33101","targetHints":{"allow":["GET"]}}],"collection":[{"href":"https:\/\/fifaa.ee\/en\/wp-json\/wp\/v2\/product"}],"about":[{"href":"https:\/\/fifaa.ee\/en\/wp-json\/wp\/v2\/types\/product"}],"wp:featuredmedia":[{"embeddable":true,"href":"https:\/\/fifaa.ee\/en\/wp-json\/wp\/v2\/media\/33126"}],"wp:attachment":[{"href":"https:\/\/fifaa.ee\/en\/wp-json\/wp\/v2\/media?parent=33101"}],"wp:term":[{"taxonomy":"product_brand","embeddable":true,"href":"https:\/\/fifaa.ee\/en\/wp-json\/wp\/v2\/product_brand?post=33101"},{"taxonomy":"product_cat","embeddable":true,"href":"https:\/\/fifaa.ee\/en\/wp-json\/wp\/v2\/product_cat?post=33101"},{"taxonomy":"product_tag","embeddable":true,"href":"https:\/\/fifaa.ee\/en\/wp-json\/wp\/v2\/product_tag?post=33101"}],"curies":[{"name":"wp","href":"https:\/\/api.w.org\/{rel}","templated":true}]}}