{"id":33102,"date":"2025-01-28T16:30:10","date_gmt":"2025-01-28T14:30:10","guid":{"rendered":"https:\/\/fifaa.ee\/?post_type=product&#038;p=33102"},"modified":"2025-11-21T10:08:31","modified_gmt":"2025-11-21T08:08:31","slug":"pu-hea-nahtavusega-holpsasti-ligipaasetav-156-tolline-sulearvuti-seljakott","status":"publish","type":"product","link":"https:\/\/fifaa.ee\/en\/product\/pu-hea-nahtavusega-holpsasti-ligipaasetav-156-tolline-sulearvuti-seljakott\/","title":{"rendered":"PU high visibility easy access 15.6\u2032 laptop backpack"},"content":{"rendered":"<p>This highly visible and easily accessible laptop backpack is the ideal backpack for everyday use and offers extra safety at night thanks to the large reflective surface for visibility to traffic. The backpack has all the space you need in a daypack or carry-on. The spacious main compartment has a 15.6&quot; laptop compartment and a small pocket for a quick grab of your phone or keys. The large zipper makes it easy to see what&#039;s inside your backpack at a glance. Waterproof. Reflectivity tested according to EN 13356:2001.<\/p>","protected":false},"excerpt":{"rendered":"<p>See h\u00e4sti n\u00e4htav ja h\u00f5lpsasti ligip\u00e4\u00e4setav s\u00fclearvuti seljakott on ideaalne seljakott iga p\u00e4ev kaasaskandmiseks ja pakub \u00f6\u00f6sel t\u00e4iendavat turvalisust t\u00e4nu suurele helkurmaterjali pinnale, mis tagab liiklusele n\u00e4htavuse. Seljakotis on kogu vajalik ruum p\u00e4evakotis v\u00f5i k\u00e4sipagasis. Ruumikas p\u00f5hisahtlis on 15,6-tolline s\u00fclearvuti tasku ja v\u00e4ike tasku telefoni v\u00f5i v\u00f5tmete kiireks haaramiseks. Suure t\u00f5mblukuga on lihtne \u00fche pilguga [&hellip;]<\/p>\n","protected":false},"featured_media":33128,"template":"","meta":{"_acf_changed":false},"product_brand":[],"product_cat":[232,573],"product_tag":[],"class_list":{"0":"post-33102","1":"product","2":"type-product","3":"status-publish","4":"has-post-thumbnail","6":"product_cat-kotid","7":"product_cat-seljakott","8":"pa_varv-must","10":"first","11":"instock","12":"taxable","13":"shipping-taxable","14":"purchasable","15":"product-type-variable","16":"has-default-attributes"},"acf":[],"_links":{"self":[{"href":"https:\/\/fifaa.ee\/en\/wp-json\/wp\/v2\/product\/33102","targetHints":{"allow":["GET"]}}],"collection":[{"href":"https:\/\/fifaa.ee\/en\/wp-json\/wp\/v2\/product"}],"about":[{"href":"https:\/\/fifaa.ee\/en\/wp-json\/wp\/v2\/types\/product"}],"wp:featuredmedia":[{"embeddable":true,"href":"https:\/\/fifaa.ee\/en\/wp-json\/wp\/v2\/media\/33128"}],"wp:attachment":[{"href":"https:\/\/fifaa.ee\/en\/wp-json\/wp\/v2\/media?parent=33102"}],"wp:term":[{"taxonomy":"product_brand","embeddable":true,"href":"https:\/\/fifaa.ee\/en\/wp-json\/wp\/v2\/product_brand?post=33102"},{"taxonomy":"product_cat","embeddable":true,"href":"https:\/\/fifaa.ee\/en\/wp-json\/wp\/v2\/product_cat?post=33102"},{"taxonomy":"product_tag","embeddable":true,"href":"https:\/\/fifaa.ee\/en\/wp-json\/wp\/v2\/product_tag?post=33102"}],"curies":[{"name":"wp","href":"https:\/\/api.w.org\/{rel}","templated":true}]}}