{"id":33106,"date":"2025-01-28T16:30:11","date_gmt":"2025-01-28T14:30:11","guid":{"rendered":"https:\/\/fifaa.ee\/?post_type=product&#038;p=33106"},"modified":"2026-04-01T17:57:59","modified_gmt":"2026-04-01T14:57:59","slug":"impact-aware-rpet-vargusvastane-seljakott","status":"publish","type":"product","link":"https:\/\/fifaa.ee\/en\/product\/impact-aware-rpet-vargusvastane-seljakott\/","title":{"rendered":"Impact AWARE\u2122 RPET anti-theft backpack"},"content":{"rendered":"<p>Head to school or work carrying all your daily essentials safely protected in this Impact AWARE\u2122 RPET Anti-Theft Backpack! Includes a 15.6&quot; padded laptop sleeve. This lightweight and durable backpack has a compact and minimalist design. One RFID sleeve pocket inside. With a luggage strap on the back. Exterior made of 300D recycled polyester, lining of 150D recycled polyester. AWARE\u2122 label, confirming the genuine use of recycled materials. Each bag contains 19.9 recycled 0.5L PET bottles. 2% of the proceeds from every Impact product sold is donated to Water.org. PVC free.<\/p>","protected":false},"excerpt":{"rendered":"<p>Minge kooli v\u00f5i t\u00f6\u00f6le, kandes k\u00f5iki oma igap\u00e4evaseid olulisi asju turvaliselt kaitstuna selles Impact AWARE\u2122 RPET vargusvastases seljakotis! Sisaldab 15,6-tollist polsterdatud s\u00fclearvuti tasku. Sellel kergel ja vastupidaval seljakotil on kompaktne ja minimalistlik konstruktsioon. Sees on \u00fcks RFID varrukatasku. Tagak\u00fcljel pakirihmaga. V\u00e4lispind on valmistatud 300D taaskasutatud pol\u00fcestrist, vooder 150D taaskasutatud pol\u00fcestrist. AWARE\u2122 m\u00e4rgistusega, mis kinnitab taaskasutatud [&hellip;]<\/p>\n","protected":false},"featured_media":33144,"template":"","meta":{"_acf_changed":false},"product_brand":[],"product_cat":[232,573],"product_tag":[659],"class_list":{"0":"post-33106","1":"product","2":"type-product","3":"status-publish","4":"has-post-thumbnail","6":"product_cat-kotid","7":"product_cat-seljakott","8":"product_tag-more-colors","9":"pa_varv-hall","10":"pa_varv-must","11":"pa_varv-sinine","13":"first","14":"instock","15":"taxable","16":"shipping-taxable","17":"purchasable","18":"product-type-variable","19":"has-default-attributes"},"acf":[],"_links":{"self":[{"href":"https:\/\/fifaa.ee\/en\/wp-json\/wp\/v2\/product\/33106","targetHints":{"allow":["GET"]}}],"collection":[{"href":"https:\/\/fifaa.ee\/en\/wp-json\/wp\/v2\/product"}],"about":[{"href":"https:\/\/fifaa.ee\/en\/wp-json\/wp\/v2\/types\/product"}],"wp:featuredmedia":[{"embeddable":true,"href":"https:\/\/fifaa.ee\/en\/wp-json\/wp\/v2\/media\/33144"}],"wp:attachment":[{"href":"https:\/\/fifaa.ee\/en\/wp-json\/wp\/v2\/media?parent=33106"}],"wp:term":[{"taxonomy":"product_brand","embeddable":true,"href":"https:\/\/fifaa.ee\/en\/wp-json\/wp\/v2\/product_brand?post=33106"},{"taxonomy":"product_cat","embeddable":true,"href":"https:\/\/fifaa.ee\/en\/wp-json\/wp\/v2\/product_cat?post=33106"},{"taxonomy":"product_tag","embeddable":true,"href":"https:\/\/fifaa.ee\/en\/wp-json\/wp\/v2\/product_tag?post=33106"}],"curies":[{"name":"wp","href":"https:\/\/api.w.org\/{rel}","templated":true}]}}