{"id":33107,"date":"2025-01-28T16:30:11","date_gmt":"2025-01-28T14:30:11","guid":{"rendered":"https:\/\/fifaa.ee\/?post_type=product&#038;p=33107"},"modified":"2026-04-01T17:58:22","modified_gmt":"2026-04-01T14:58:22","slug":"swiss-peak-aware-rpet-156-tolline-too-jousaali-seljakott","status":"publish","type":"product","link":"https:\/\/fifaa.ee\/en\/product\/swiss-peak-aware-rpet-156-tolline-too-jousaali-seljakott\/","title":{"rendered":"Swiss Peak AWARE\u2122 RPET 15.6 inch work\/gym backpack"},"content":{"rendered":"<p>This Swiss Peak Aware\u2122 Work\/Gym Backpack is a hybrid backpack designed for the gym and the office. It features separate compartments for your gym gear and smart organization for all your work essentials, like a 15.6&quot; laptop compartment. Go from the gym to the office and never look back. AWARE\u2122 label, which confirms the genuine use of recycled materials. Each bag contains 31.1 recycled 0.5L PET bottles. 2% of the proceeds from every Impact product sold is donated to Water.org. PVC free.<\/p>","protected":false},"excerpt":{"rendered":"<p>See Swiss Peak Aware\u2122 t\u00f6\u00f6-\/j\u00f5usaaliseljakott on h\u00fcbriidseljakott, mis on m\u00f5eldud j\u00f5usaali ja kontorisse. Sellel on eraldi sektsioonid teie j\u00f5usaalivarustuse jaoks ja nutikas korraldus k\u00f5igi teie t\u00f6\u00f6ks vajalike asjade jaoks, n\u00e4iteks 15,6-tolline s\u00fclearvuti sahtel. Minge j\u00f5usaalist kontorisse ja \u00e4rge kunagi vaadake v\u00e4lja. AWARE\u2122 m\u00e4rgistusega, mis kinnitab taaskasutatud materjalide ehtsat kasutamist. Igas kotis on taaskasutatud 31,1 0,5L [&hellip;]<\/p>\n","protected":false},"featured_media":33160,"template":"","meta":{"_acf_changed":false},"product_brand":[],"product_cat":[232,645],"product_tag":[],"class_list":{"0":"post-33107","1":"product","2":"type-product","3":"status-publish","4":"has-post-thumbnail","6":"product_cat-kotid","7":"product_cat-spordikott","8":"pa_varv-must","10":"first","11":"instock","12":"taxable","13":"shipping-taxable","14":"purchasable","15":"product-type-variable","16":"has-default-attributes"},"acf":[],"_links":{"self":[{"href":"https:\/\/fifaa.ee\/en\/wp-json\/wp\/v2\/product\/33107","targetHints":{"allow":["GET"]}}],"collection":[{"href":"https:\/\/fifaa.ee\/en\/wp-json\/wp\/v2\/product"}],"about":[{"href":"https:\/\/fifaa.ee\/en\/wp-json\/wp\/v2\/types\/product"}],"wp:featuredmedia":[{"embeddable":true,"href":"https:\/\/fifaa.ee\/en\/wp-json\/wp\/v2\/media\/33160"}],"wp:attachment":[{"href":"https:\/\/fifaa.ee\/en\/wp-json\/wp\/v2\/media?parent=33107"}],"wp:term":[{"taxonomy":"product_brand","embeddable":true,"href":"https:\/\/fifaa.ee\/en\/wp-json\/wp\/v2\/product_brand?post=33107"},{"taxonomy":"product_cat","embeddable":true,"href":"https:\/\/fifaa.ee\/en\/wp-json\/wp\/v2\/product_cat?post=33107"},{"taxonomy":"product_tag","embeddable":true,"href":"https:\/\/fifaa.ee\/en\/wp-json\/wp\/v2\/product_tag?post=33107"}],"curies":[{"name":"wp","href":"https:\/\/api.w.org\/{rel}","templated":true}]}}