{"id":33149,"date":"2025-01-28T16:30:38","date_gmt":"2025-01-28T14:30:38","guid":{"rendered":"https:\/\/fifaa.ee\/?post_type=product&#038;p=33149"},"modified":"2026-04-01T17:58:47","modified_gmt":"2026-04-01T14:58:47","slug":"swiss-peak-aware-rpet-156-tolline-laiendatav-nadalavahetuse-seljakott","status":"publish","type":"product","link":"https:\/\/fifaa.ee\/en\/product\/swiss-peak-aware-rpet-156-tolline-laiendatav-nadalavahetuse-seljakott\/","title":{"rendered":"Swiss Peak AWARE\u2122 RPET 15.6\u2032 expandable weekend backpack"},"content":{"rendered":"<p>The Swiss Peak AWARE\u2122 RPET 15.6&quot; Expandable Weekend Backpack fits your 15.6&quot; laptop in a compartment designed for quick and easy airport security. Its expandable main compartment increases capacity for longer trips by more than 35%. Side compression straps secure and stabilize contents for easy carrying. Smart organizer pockets hold charger cables and other essentials. Luggage strap included. AWARE\u2122 label, confirming genuine recycled materials. Each bag contains 38.4 recycled 0.5L PET bottles. 2% of the proceeds from every Impact product sold is donated to Water.org. PVC free.<\/p>","protected":false},"excerpt":{"rendered":"<p>Swiss Peak AWARE\u2122 RPET 15,6-tolline laiendatav n\u00e4dalavahetuse seljakott mahutab teie 15,6-tollise s\u00fclearvuti sahtlisse, mis on loodud kiireks ja lihtsaks lennujaama kontrollimiseks. Selle laiendatav p\u00f5hisahtel suurendab pikemate reiside mahutavust rohkem kui 35%. K\u00fclgmised tihendusrihmad kinnitavad ja stabiliseerivad sisu, et seda oleks lihtne kanda. Nutikad korraldajataskud mahutavad laadijate juhtmeid ja muud h\u00e4davajalikku. Pagasirihmaga. AWARE\u2122 m\u00e4rgistusega, mis kinnitab [&hellip;]<\/p>\n","protected":false},"featured_media":33164,"template":"","meta":{"_acf_changed":false},"product_brand":[],"product_cat":[232,626],"product_tag":[],"class_list":{"0":"post-33149","1":"product","2":"type-product","3":"status-publish","4":"has-post-thumbnail","6":"product_cat-kotid","7":"product_cat-sulearvutikott","8":"pa_varv-must","10":"first","11":"instock","12":"taxable","13":"shipping-taxable","14":"purchasable","15":"product-type-variable","16":"has-default-attributes"},"acf":[],"_links":{"self":[{"href":"https:\/\/fifaa.ee\/en\/wp-json\/wp\/v2\/product\/33149","targetHints":{"allow":["GET"]}}],"collection":[{"href":"https:\/\/fifaa.ee\/en\/wp-json\/wp\/v2\/product"}],"about":[{"href":"https:\/\/fifaa.ee\/en\/wp-json\/wp\/v2\/types\/product"}],"wp:featuredmedia":[{"embeddable":true,"href":"https:\/\/fifaa.ee\/en\/wp-json\/wp\/v2\/media\/33164"}],"wp:attachment":[{"href":"https:\/\/fifaa.ee\/en\/wp-json\/wp\/v2\/media?parent=33149"}],"wp:term":[{"taxonomy":"product_brand","embeddable":true,"href":"https:\/\/fifaa.ee\/en\/wp-json\/wp\/v2\/product_brand?post=33149"},{"taxonomy":"product_cat","embeddable":true,"href":"https:\/\/fifaa.ee\/en\/wp-json\/wp\/v2\/product_cat?post=33149"},{"taxonomy":"product_tag","embeddable":true,"href":"https:\/\/fifaa.ee\/en\/wp-json\/wp\/v2\/product_tag?post=33149"}],"curies":[{"name":"wp","href":"https:\/\/api.w.org\/{rel}","templated":true}]}}