{"id":33150,"date":"2025-01-28T16:30:38","date_gmt":"2025-01-28T14:30:38","guid":{"rendered":"https:\/\/fifaa.ee\/?post_type=product&#038;p=33150"},"modified":"2026-04-01T17:58:47","modified_gmt":"2026-04-01T14:58:47","slug":"impact-aware-matkaseljakott-18l","status":"publish","type":"product","link":"https:\/\/fifaa.ee\/en\/product\/impact-aware-matkaseljakott-18l\/","title":{"rendered":"Impact AWARE\u2122 Hiking backpack 18L"},"content":{"rendered":"<p>This Impact AWARE\u2122 hiking backpack is perfect for everyday travel and outdoor adventures. It has a large central compartment and many other useful pockets. There is also a hole for a hydration bladder when you go out for a long hike. AWARE\u2122 label, which confirms the genuine use of recycled materials. Each bag contains 11 recycled 0.5L PET bottles. 2% of the proceeds from every Impact product sold is donated to Water.org. PVC free.<\/p>","protected":false},"excerpt":{"rendered":"<p>See Impact AWARE\u2122 matkaseljakott on ideaalne igap\u00e4evasteks reisideks ja v\u00e4ljas seiklusteks. Sellel on suur keskmine sahtel ja palju muid kasulikke taskuid. Seal on ka ava veekoti jaoks, kui l\u00e4hete v\u00e4lja pikale matkale. AWARE\u2122 m\u00e4rgistusega, mis kinnitab taaskasutatud materjalide ehtsat kasutamist. Igas kotis on taaskasutatud 11 0,5L PET-pudelit. 2% iga m\u00fc\u00fcdud Impacti toote tulust annetatakse veebisaidile [&hellip;]<\/p>\n","protected":false},"featured_media":33166,"template":"","meta":{"_acf_changed":false},"product_brand":[],"product_cat":[232,573],"product_tag":[659],"class_list":{"0":"post-33150","1":"product","2":"type-product","3":"status-publish","4":"has-post-thumbnail","6":"product_cat-kotid","7":"product_cat-seljakott","8":"product_tag-more-colors","9":"pa_varv-must","10":"pa_varv-roheline","11":"pa_varv-sinine","13":"first","14":"instock","15":"taxable","16":"shipping-taxable","17":"purchasable","18":"product-type-variable","19":"has-default-attributes"},"acf":[],"_links":{"self":[{"href":"https:\/\/fifaa.ee\/en\/wp-json\/wp\/v2\/product\/33150","targetHints":{"allow":["GET"]}}],"collection":[{"href":"https:\/\/fifaa.ee\/en\/wp-json\/wp\/v2\/product"}],"about":[{"href":"https:\/\/fifaa.ee\/en\/wp-json\/wp\/v2\/types\/product"}],"wp:featuredmedia":[{"embeddable":true,"href":"https:\/\/fifaa.ee\/en\/wp-json\/wp\/v2\/media\/33166"}],"wp:attachment":[{"href":"https:\/\/fifaa.ee\/en\/wp-json\/wp\/v2\/media?parent=33150"}],"wp:term":[{"taxonomy":"product_brand","embeddable":true,"href":"https:\/\/fifaa.ee\/en\/wp-json\/wp\/v2\/product_brand?post=33150"},{"taxonomy":"product_cat","embeddable":true,"href":"https:\/\/fifaa.ee\/en\/wp-json\/wp\/v2\/product_cat?post=33150"},{"taxonomy":"product_tag","embeddable":true,"href":"https:\/\/fifaa.ee\/en\/wp-json\/wp\/v2\/product_tag?post=33150"}],"curies":[{"name":"wp","href":"https:\/\/api.w.org\/{rel}","templated":true}]}}