{"id":33151,"date":"2025-01-28T16:30:38","date_gmt":"2025-01-28T14:30:38","guid":{"rendered":"https:\/\/fifaa.ee\/?post_type=product&#038;p=33151"},"modified":"2026-04-01T17:59:09","modified_gmt":"2026-04-01T14:59:09","slug":"impact-aware-1200d-minimalistlik-156-tolline-sulearvuti-seljakott","status":"publish","type":"product","link":"https:\/\/fifaa.ee\/en\/product\/impact-aware-1200d-minimalistlik-156-tolline-sulearvuti-seljakott\/","title":{"rendered":"Impact AWARE\u2122 1200D Minimalist 15.6 inch laptop backpack"},"content":{"rendered":"<p>This Impact AWARE\u2122 1200D 15.6&quot; Laptop Backpack is the perfect backpack for students and commuters alike. Clean lines, yet a highly practical daypack. An internal laptop sleeve keeps laptops safe and secure. The bag has a padded back for added comfort while traveling. Two RFID pockets. The exterior and interior are made from 100% recycled polyester. AWARE\u2122 label confirms the genuine use of recycled materials. Each bag contains 32.9 recycled 0.5L PET bottles. 2% of the proceeds from every Impact product sold is donated to Water.org. PVC free.<\/p>","protected":false},"excerpt":{"rendered":"<p>See Impact AWARE\u2122 1200D 15,6-tolline s\u00fclearvuti seljakott on ideaalne seljakott nii \u00f5pilastele kui ka pendeldajatele. Puhtad jooned, kuid samas \u00fclipraktiline p\u00e4evakott. S\u00fclearvutipesaga sisetasku mahutab s\u00fclearvuteid kindlalt ja turvaliselt. Kotil on polsterdatud seljaosa, mis tagab reisimise ajal t\u00e4iendava mugavuse. Kaks RFID taskut. V\u00e4lis- ja sisemus on valmistatud 100% taaskasutatud pol\u00fcestrist. AWARE\u2122 m\u00e4rgistusega, mis kinnitab taaskasutatud materjalide [&hellip;]<\/p>\n","protected":false},"featured_media":33172,"template":"","meta":{"_acf_changed":false},"product_brand":[],"product_cat":[232,573],"product_tag":[659],"class_list":{"0":"post-33151","1":"product","2":"type-product","3":"status-publish","4":"has-post-thumbnail","6":"product_cat-kotid","7":"product_cat-seljakott","8":"product_tag-more-colors","9":"pa_varv-hall","10":"pa_varv-sinine","12":"first","13":"instock","14":"taxable","15":"shipping-taxable","16":"purchasable","17":"product-type-variable","18":"has-default-attributes"},"acf":[],"_links":{"self":[{"href":"https:\/\/fifaa.ee\/en\/wp-json\/wp\/v2\/product\/33151","targetHints":{"allow":["GET"]}}],"collection":[{"href":"https:\/\/fifaa.ee\/en\/wp-json\/wp\/v2\/product"}],"about":[{"href":"https:\/\/fifaa.ee\/en\/wp-json\/wp\/v2\/types\/product"}],"wp:featuredmedia":[{"embeddable":true,"href":"https:\/\/fifaa.ee\/en\/wp-json\/wp\/v2\/media\/33172"}],"wp:attachment":[{"href":"https:\/\/fifaa.ee\/en\/wp-json\/wp\/v2\/media?parent=33151"}],"wp:term":[{"taxonomy":"product_brand","embeddable":true,"href":"https:\/\/fifaa.ee\/en\/wp-json\/wp\/v2\/product_brand?post=33151"},{"taxonomy":"product_cat","embeddable":true,"href":"https:\/\/fifaa.ee\/en\/wp-json\/wp\/v2\/product_cat?post=33151"},{"taxonomy":"product_tag","embeddable":true,"href":"https:\/\/fifaa.ee\/en\/wp-json\/wp\/v2\/product_tag?post=33151"}],"curies":[{"name":"wp","href":"https:\/\/api.w.org\/{rel}","templated":true}]}}