{"id":33155,"date":"2025-01-28T16:30:38","date_gmt":"2025-01-28T14:30:38","guid":{"rendered":"https:\/\/fifaa.ee\/?post_type=product&#038;p=33155"},"modified":"2026-04-01T17:59:30","modified_gmt":"2026-04-01T14:59:30","slug":"swiss-peak-aware-rpet-voyager-156-tolline-sulearvuti-seljakott","status":"publish","type":"product","link":"https:\/\/fifaa.ee\/en\/product\/swiss-peak-aware-rpet-voyager-156-tolline-sulearvuti-seljakott\/","title":{"rendered":"Swiss Peak AWARE\u2122 RPET Voyager 15.6\u2032 laptop backpack"},"content":{"rendered":"<p>Make everyday travel a little easier and a lot more stylish with this laptop backpack. Made from durable 1680D recycled polyester fabric with rich PU details, the bag features a well-designed shape and multiple pockets for storage and organization. In addition to a spacious main compartment, this backpack has a padded 15.6-inch laptop sleeve and an additional zippered pocket to store other everyday items. Other features of this backpack include a USB port, RFID pockets, pen loops, a removable luggage tag, and a side water bottle pocket. Outer material: 100% 1680D polyester \/ Lining: 150D recycled polyester. AWARE\u2122 label, which confirms the genuine use of recycled materials. Each bag contains 49.92 recycled 0.5L PET bottles. 2% of the proceeds from every AWARE\u2122-branded product sold is donated to Water.org.<\/p>","protected":false},"excerpt":{"rendered":"<p>Muutke igap\u00e4evane reisimine selle s\u00fclearvuti seljakotiga pisut lihtsamaks ja palju stiilsemaks. Kott on valmistatud vastupidavast 1680D taaskasutatud pol\u00fcesterkangast rikkalike PU detailidega ning sellel on h\u00e4sti kujundatud kuju ja mitu taskut hoiustamiseks ja korraldamiseks. Lisaks mahukale p\u00f5hisahtlile on sellel seljakotil polsterdatud 15,6-tolline s\u00fclearvutitasku ja t\u00f5mblukuga lisatasku, et hoida muid igap\u00e4evaseid asju. Selle seljakoti muude funktsioonide hulka [&hellip;]<\/p>\n","protected":false},"featured_media":33188,"template":"","meta":{"_acf_changed":false},"product_brand":[],"product_cat":[232,626],"product_tag":[],"class_list":{"0":"post-33155","1":"product","2":"type-product","3":"status-publish","4":"has-post-thumbnail","6":"product_cat-kotid","7":"product_cat-sulearvutikott","8":"pa_varv-must","10":"first","11":"instock","12":"taxable","13":"shipping-taxable","14":"purchasable","15":"product-type-variable","16":"has-default-attributes"},"acf":[],"_links":{"self":[{"href":"https:\/\/fifaa.ee\/en\/wp-json\/wp\/v2\/product\/33155","targetHints":{"allow":["GET"]}}],"collection":[{"href":"https:\/\/fifaa.ee\/en\/wp-json\/wp\/v2\/product"}],"about":[{"href":"https:\/\/fifaa.ee\/en\/wp-json\/wp\/v2\/types\/product"}],"wp:featuredmedia":[{"embeddable":true,"href":"https:\/\/fifaa.ee\/en\/wp-json\/wp\/v2\/media\/33188"}],"wp:attachment":[{"href":"https:\/\/fifaa.ee\/en\/wp-json\/wp\/v2\/media?parent=33155"}],"wp:term":[{"taxonomy":"product_brand","embeddable":true,"href":"https:\/\/fifaa.ee\/en\/wp-json\/wp\/v2\/product_brand?post=33155"},{"taxonomy":"product_cat","embeddable":true,"href":"https:\/\/fifaa.ee\/en\/wp-json\/wp\/v2\/product_cat?post=33155"},{"taxonomy":"product_tag","embeddable":true,"href":"https:\/\/fifaa.ee\/en\/wp-json\/wp\/v2\/product_tag?post=33155"}],"curies":[{"name":"wp","href":"https:\/\/api.w.org\/{rel}","templated":true}]}}