{"id":33156,"date":"2025-01-28T16:30:38","date_gmt":"2025-01-28T14:30:38","guid":{"rendered":"https:\/\/fifaa.ee\/?post_type=product&#038;p=33156"},"modified":"2026-04-01T17:59:30","modified_gmt":"2026-04-01T14:59:30","slug":"swiss-peak-aware-rpet-156-tolline-ariseljakott","status":"publish","type":"product","link":"https:\/\/fifaa.ee\/en\/product\/swiss-peak-aware-rpet-156-tolline-ariseljakott\/","title":{"rendered":"Swiss Peak AWARE\u2122 RPET 15.6 inch business backpack"},"content":{"rendered":"<p>The Swiss Peak AWARE\u2122 RPET 15.6&quot; Business Backpack is a weatherproof backpack for work and everyday adventures. The backpack features a spacious main compartment and a side zipper for quick access to your laptop on the go. Comfortable to carry thanks to contoured breathable shoulder straps, a padded back panel and a fully adjustable sternum strap. The top zippered pocket holds all your everyday essentials. The exterior is made of PU and 1200D recycled polyester. The lining is made of 100% 150D recycled polyester. AWARE\u2122 label confirms the genuine use of recycled materials. Each bag contains 38.19 recycled 0.5L PET bottles. 2% of the proceeds from every AWARE\u2122 product sold is donated to Water.org.<\/p>","protected":false},"excerpt":{"rendered":"<p>Swiss Peak AWARE\u2122 RPET 15,6-tolline \u00e4riseljakott on ilmastikukindel seljakott t\u00f6\u00f6ks ja igap\u00e4evasteks seiklusteks. Seljakotil on ruumikas p\u00f5hisahtel ja k\u00fclgmise t\u00f5mbluku kaudu on liikvel olles kiire juurdep\u00e4\u00e4s s\u00fclearvutile. Mugav kanda t\u00e4nu kontuuriga hingavatele \u00f5larihmadele, polsterdatud tagapaneelile ja t\u00e4ielikult reguleeritavale rinnal\u00f5ksule. \u00dclemine t\u00f5mblukuga tasku mahutab k\u00f5ik teie igap\u00e4evased asjad. V\u00e4lispind on valmistatud PU-st ja 1200D taaskasutatud pol\u00fcestrist. [&hellip;]<\/p>\n","protected":false},"featured_media":33190,"template":"","meta":{"_acf_changed":false},"product_brand":[],"product_cat":[232,626],"product_tag":[],"class_list":{"0":"post-33156","1":"product","2":"type-product","3":"status-publish","4":"has-post-thumbnail","6":"product_cat-kotid","7":"product_cat-sulearvutikott","8":"pa_varv-must","10":"first","11":"instock","12":"taxable","13":"shipping-taxable","14":"purchasable","15":"product-type-variable","16":"has-default-attributes"},"acf":[],"_links":{"self":[{"href":"https:\/\/fifaa.ee\/en\/wp-json\/wp\/v2\/product\/33156","targetHints":{"allow":["GET"]}}],"collection":[{"href":"https:\/\/fifaa.ee\/en\/wp-json\/wp\/v2\/product"}],"about":[{"href":"https:\/\/fifaa.ee\/en\/wp-json\/wp\/v2\/types\/product"}],"wp:featuredmedia":[{"embeddable":true,"href":"https:\/\/fifaa.ee\/en\/wp-json\/wp\/v2\/media\/33190"}],"wp:attachment":[{"href":"https:\/\/fifaa.ee\/en\/wp-json\/wp\/v2\/media?parent=33156"}],"wp:term":[{"taxonomy":"product_brand","embeddable":true,"href":"https:\/\/fifaa.ee\/en\/wp-json\/wp\/v2\/product_brand?post=33156"},{"taxonomy":"product_cat","embeddable":true,"href":"https:\/\/fifaa.ee\/en\/wp-json\/wp\/v2\/product_cat?post=33156"},{"taxonomy":"product_tag","embeddable":true,"href":"https:\/\/fifaa.ee\/en\/wp-json\/wp\/v2\/product_tag?post=33156"}],"curies":[{"name":"wp","href":"https:\/\/api.w.org\/{rel}","templated":true}]}}