{"id":33157,"date":"2025-01-28T16:30:38","date_gmt":"2025-01-28T14:30:38","guid":{"rendered":"https:\/\/fifaa.ee\/?post_type=product&#038;p=33157"},"modified":"2026-04-01T17:59:57","modified_gmt":"2026-04-01T14:59:57","slug":"impact-aware-rpet-veekindel-156-tolline-sulearvuti-seljakott","status":"publish","type":"product","link":"https:\/\/fifaa.ee\/en\/product\/impact-aware-rpet-veekindel-156-tolline-sulearvuti-seljakott\/","title":{"rendered":"Impact AWARE\u2122 RPET water resistant 15.6\u2032 laptop backpack"},"content":{"rendered":"<p>This Impact AWARE\u2122 300D Waterproof 15.6&quot; Laptop Backpack is the perfect backpack for students and commuters alike. This ultra-practical daypack provides quick access and protects your belongings from the rain. An interior pocket with a laptop sleeve keeps your laptops safe and secure when you get caught in the rain. The bag has a padded back for added comfort while traveling. The exterior and interior are made from 100% recycled polyester. AWARE\u2122 label confirms the genuine use of recycled materials. Each bag contains 18 recycled 0.5L PET bottles. 2% of the proceeds from every Impact product sold is donated to Water.org. PVC free.<\/p>","protected":false},"excerpt":{"rendered":"<p>See Impact AWARE\u2122 300D veekindel 15,6-tolline s\u00fclearvuti seljakott on ideaalne seljakott nii \u00f5pilastele kui ka pendeldajatele. See \u00fclipraktiline p\u00e4evakott tagab kiire juurdep\u00e4\u00e4su ja kaitseb teie esemeid vihma eest. S\u00fclearvutipesaga sisetasku mahutab s\u00fclearvutid kindlalt ja turvaliselt, kui teid vihma k\u00e4tte satub. Kotil on polsterdatud seljaosa, mis tagab reisimise ajal t\u00e4iendava mugavuse. V\u00e4lis- ja sisemus on valmistatud [&hellip;]<\/p>\n","protected":false},"featured_media":33192,"template":"","meta":{"_acf_changed":false},"product_brand":[],"product_cat":[232,626],"product_tag":[659],"class_list":{"0":"post-33157","1":"product","2":"type-product","3":"status-publish","4":"has-post-thumbnail","6":"product_cat-kotid","7":"product_cat-sulearvutikott","8":"product_tag-more-colors","9":"pa_varv-hall","10":"pa_varv-must","11":"pa_varv-sinine","13":"first","14":"instock","15":"taxable","16":"shipping-taxable","17":"purchasable","18":"product-type-variable","19":"has-default-attributes"},"acf":[],"_links":{"self":[{"href":"https:\/\/fifaa.ee\/en\/wp-json\/wp\/v2\/product\/33157","targetHints":{"allow":["GET"]}}],"collection":[{"href":"https:\/\/fifaa.ee\/en\/wp-json\/wp\/v2\/product"}],"about":[{"href":"https:\/\/fifaa.ee\/en\/wp-json\/wp\/v2\/types\/product"}],"wp:featuredmedia":[{"embeddable":true,"href":"https:\/\/fifaa.ee\/en\/wp-json\/wp\/v2\/media\/33192"}],"wp:attachment":[{"href":"https:\/\/fifaa.ee\/en\/wp-json\/wp\/v2\/media?parent=33157"}],"wp:term":[{"taxonomy":"product_brand","embeddable":true,"href":"https:\/\/fifaa.ee\/en\/wp-json\/wp\/v2\/product_brand?post=33157"},{"taxonomy":"product_cat","embeddable":true,"href":"https:\/\/fifaa.ee\/en\/wp-json\/wp\/v2\/product_cat?post=33157"},{"taxonomy":"product_tag","embeddable":true,"href":"https:\/\/fifaa.ee\/en\/wp-json\/wp\/v2\/product_tag?post=33157"}],"curies":[{"name":"wp","href":"https:\/\/api.w.org\/{rel}","templated":true}]}}