{"id":33196,"date":"2025-01-28T16:30:58","date_gmt":"2025-01-28T14:30:58","guid":{"rendered":"https:\/\/fifaa.ee\/?post_type=product&#038;p=33196"},"modified":"2026-04-01T18:00:21","modified_gmt":"2026-04-01T15:00:21","slug":"impact-aware-300d-kahetooniline-luksuslik-156-tolline-sulearvuti-seljakott","status":"publish","type":"product","link":"https:\/\/fifaa.ee\/en\/product\/impact-aware-300d-kahetooniline-luksuslik-156-tolline-sulearvuti-seljakott\/","title":{"rendered":"Impact AWARE\u2122 300D two tone deluxe 15.6\u2032 laptop backpack"},"content":{"rendered":"<p>Look sharp in and out of the office with this sleek, minimalist backpack. Enjoy comfortable travel with padded shoulder straps and a back panel. The main compartment features a 15.6&quot; laptop compartment and two open mesh pockets. You&#039;ll find a PU handle on top. The outer material and lining are made from recycled polyester. AWARE\u2122 label confirms the genuine use of recycled materials. Each bag contains 9.01 recycled 0.5L PET bottles. 2% of the proceeds from every Impact product sold is donated to Water.org. PVC free.<\/p>","protected":false},"excerpt":{"rendered":"<p>Selle elegantse minimalistliku disainiga seljakotiga n\u00e4ete nii kontoris kui ka v\u00e4ljas terav v\u00e4lja. Naudi mugavat reisimist polsterdatud \u00f5larihmade ja seljapaneeliga seljakotiga. P\u00f5hisahtlis on 15,6-tolline s\u00fclearvuti sahtel ja kaks avatud v\u00f5rktaskut. Pealt leiate PU k\u00e4epideme. V\u00e4lismaterjal ja vooder on valmistatud taaskasutatud pol\u00fcestrist. AWARE\u2122 m\u00e4rgistusega, mis kinnitab taaskasutatud materjalide ehtsat kasutamist. Igas kotis on taaskasutatud 9,01 0,5L [&hellip;]<\/p>\n","protected":false},"featured_media":33203,"template":"","meta":{"_acf_changed":false},"product_brand":[],"product_cat":[232,626],"product_tag":[659],"class_list":{"0":"post-33196","1":"product","2":"type-product","3":"status-publish","4":"has-post-thumbnail","6":"product_cat-kotid","7":"product_cat-sulearvutikott","8":"product_tag-more-colors","9":"pa_varv-hall","10":"pa_varv-must","11":"pa_varv-sinine","13":"first","14":"instock","15":"taxable","16":"shipping-taxable","17":"purchasable","18":"product-type-variable","19":"has-default-attributes"},"acf":[],"_links":{"self":[{"href":"https:\/\/fifaa.ee\/en\/wp-json\/wp\/v2\/product\/33196","targetHints":{"allow":["GET"]}}],"collection":[{"href":"https:\/\/fifaa.ee\/en\/wp-json\/wp\/v2\/product"}],"about":[{"href":"https:\/\/fifaa.ee\/en\/wp-json\/wp\/v2\/types\/product"}],"wp:featuredmedia":[{"embeddable":true,"href":"https:\/\/fifaa.ee\/en\/wp-json\/wp\/v2\/media\/33203"}],"wp:attachment":[{"href":"https:\/\/fifaa.ee\/en\/wp-json\/wp\/v2\/media?parent=33196"}],"wp:term":[{"taxonomy":"product_brand","embeddable":true,"href":"https:\/\/fifaa.ee\/en\/wp-json\/wp\/v2\/product_brand?post=33196"},{"taxonomy":"product_cat","embeddable":true,"href":"https:\/\/fifaa.ee\/en\/wp-json\/wp\/v2\/product_cat?post=33196"},{"taxonomy":"product_tag","embeddable":true,"href":"https:\/\/fifaa.ee\/en\/wp-json\/wp\/v2\/product_tag?post=33196"}],"curies":[{"name":"wp","href":"https:\/\/api.w.org\/{rel}","templated":true}]}}