{"id":33197,"date":"2025-01-28T16:30:58","date_gmt":"2025-01-28T14:30:58","guid":{"rendered":"https:\/\/fifaa.ee\/?post_type=product&#038;p=33197"},"modified":"2026-04-01T18:00:43","modified_gmt":"2026-04-01T15:00:43","slug":"impact-aware-285-g-m2-varvimata-rcangvast-kandekott","status":"publish","type":"product","link":"https:\/\/fifaa.ee\/en\/product\/impact-aware-285-g-m2-varvimata-rcangvast-kandekott\/","title":{"rendered":"Impact AWARE\u2122 285gsm rcanvas tote bag undyed"},"content":{"rendered":"<p>The Impact AWARE\u2122 285 gsm Recycled Canvas Tote Bag Undyed is the perfect way to carry your essentials wherever you go. This spacious bag offers plenty of space for all your everyday needs. The recycled canvas is undyed and used in its raw form, without the use of chemicals for dyeing or bleaching. AWARE\u2122 marking confirms the genuine use of recycled materials. 2% of the proceeds from every Impact product sold is donated to Water.org. Composition 70% recycled cotton, 30% recycled polyester.<\/p>","protected":false},"excerpt":{"rendered":"<p>Impact AWARE\u2122 285 g\/m\u00b2 suurune taaskasutatud l\u00f5uendist kandekott v\u00e4rvimata on ideaalne viis oma esmatarbekaupade kandmiseks k\u00f5ikjale. See ruumikas kott pakub piisavalt ruumi k\u00f5igi teie igap\u00e4evaste vajaduste jaoks. Taaskasutatud l\u00f5uend on v\u00e4rvimata ja seda kasutatakse toores kujul, ilma v\u00e4rvimise v\u00f5i pleegitamise kemikaalideta. AWARE\u2122 m\u00e4rgistusega, mis kinnitab taaskasutatud materjalide ehtsat kasutamist. 2% iga m\u00fc\u00fcdud Impacti toote tulust [&hellip;]<\/p>\n","protected":false},"featured_media":33209,"template":"","meta":{"_acf_changed":false},"product_brand":[],"product_cat":[232],"product_tag":[659],"class_list":{"0":"post-33197","1":"product","2":"type-product","3":"status-publish","4":"has-post-thumbnail","6":"product_cat-kotid","7":"product_tag-more-colors","8":"pa_varv-hall","9":"pa_varv-must","10":"pa_varv-pruun","11":"pa_varv-roheline","12":"pa_varv-sinine","13":"pa_varv-valge-new","15":"first","16":"instock","17":"taxable","18":"shipping-taxable","19":"purchasable","20":"product-type-variable","21":"has-default-attributes"},"acf":[],"_links":{"self":[{"href":"https:\/\/fifaa.ee\/en\/wp-json\/wp\/v2\/product\/33197","targetHints":{"allow":["GET"]}}],"collection":[{"href":"https:\/\/fifaa.ee\/en\/wp-json\/wp\/v2\/product"}],"about":[{"href":"https:\/\/fifaa.ee\/en\/wp-json\/wp\/v2\/types\/product"}],"wp:featuredmedia":[{"embeddable":true,"href":"https:\/\/fifaa.ee\/en\/wp-json\/wp\/v2\/media\/33209"}],"wp:attachment":[{"href":"https:\/\/fifaa.ee\/en\/wp-json\/wp\/v2\/media?parent=33197"}],"wp:term":[{"taxonomy":"product_brand","embeddable":true,"href":"https:\/\/fifaa.ee\/en\/wp-json\/wp\/v2\/product_brand?post=33197"},{"taxonomy":"product_cat","embeddable":true,"href":"https:\/\/fifaa.ee\/en\/wp-json\/wp\/v2\/product_cat?post=33197"},{"taxonomy":"product_tag","embeddable":true,"href":"https:\/\/fifaa.ee\/en\/wp-json\/wp\/v2\/product_tag?post=33197"}],"curies":[{"name":"wp","href":"https:\/\/api.w.org\/{rel}","templated":true}]}}