{"id":33199,"date":"2025-01-28T16:30:58","date_gmt":"2025-01-28T14:30:58","guid":{"rendered":"https:\/\/fifaa.ee\/?post_type=product&#038;p=33199"},"modified":"2026-04-01T18:01:42","modified_gmt":"2026-04-01T15:01:42","slug":"impact-aware-240-gsm-rccanvas-suur-varvimata-kandekott","status":"publish","type":"product","link":"https:\/\/fifaa.ee\/en\/product\/impact-aware-240-gsm-rccanvas-suur-varvimata-kandekott\/","title":{"rendered":"Impact Aware\u2122 240 gsm rcanvas large tote undyed"},"content":{"rendered":"<p>The Impact AWARE\u2122 240 gsm Recycled Canvas Tote Bag Undyed is the perfect way to carry your everyday essentials. This spacious bag provides plenty of room for everything you need to carry. The recycled canvas is undyed and used in its raw form, without the use of dyes or bleaching chemicals. AWARE\u2122 label confirms the genuine use of recycled materials. 2% of the proceeds from every Impact product sold is donated to Water.org. Composition 70% recycled cotton, 30% recycled polyester.<\/p>","protected":false},"excerpt":{"rendered":"<p>Impact AWARE\u2122 240 gsm taaskasutatud l\u00f5uendist kandekott v\u00e4rvimata on ideaalne viis igap\u00e4evaste asjade kandmiseks. See avar kott annab piisavalt ruumi k\u00f5igele, mida vajate kaasa v\u00f5tta. Taaskasutatud l\u00f5uend on v\u00e4rvimata ja seda kasutatakse toores kujul, ilma v\u00e4rvimise v\u00f5i pleegitamise kemikaalideta. AWARE\u2122 m\u00e4rgistusega, mis kinnitab taaskasutatud materjalide ehtsat kasutamist. 2% iga m\u00fc\u00fcdud Impacti toote tulust annetatakse veebisaidile [&hellip;]<\/p>\n","protected":false},"featured_media":33235,"template":"","meta":{"_acf_changed":false},"product_brand":[],"product_cat":[232],"product_tag":[659],"class_list":{"0":"post-33199","1":"product","2":"type-product","3":"status-publish","4":"has-post-thumbnail","6":"product_cat-kotid","7":"product_tag-more-colors","8":"pa_varv-hall","9":"pa_varv-must","10":"pa_varv-pruun","11":"pa_varv-roheline","12":"pa_varv-sinine","13":"pa_varv-valge-new","15":"first","16":"instock","17":"taxable","18":"shipping-taxable","19":"purchasable","20":"product-type-variable","21":"has-default-attributes"},"acf":[],"_links":{"self":[{"href":"https:\/\/fifaa.ee\/en\/wp-json\/wp\/v2\/product\/33199","targetHints":{"allow":["GET"]}}],"collection":[{"href":"https:\/\/fifaa.ee\/en\/wp-json\/wp\/v2\/product"}],"about":[{"href":"https:\/\/fifaa.ee\/en\/wp-json\/wp\/v2\/types\/product"}],"wp:featuredmedia":[{"embeddable":true,"href":"https:\/\/fifaa.ee\/en\/wp-json\/wp\/v2\/media\/33235"}],"wp:attachment":[{"href":"https:\/\/fifaa.ee\/en\/wp-json\/wp\/v2\/media?parent=33199"}],"wp:term":[{"taxonomy":"product_brand","embeddable":true,"href":"https:\/\/fifaa.ee\/en\/wp-json\/wp\/v2\/product_brand?post=33199"},{"taxonomy":"product_cat","embeddable":true,"href":"https:\/\/fifaa.ee\/en\/wp-json\/wp\/v2\/product_cat?post=33199"},{"taxonomy":"product_tag","embeddable":true,"href":"https:\/\/fifaa.ee\/en\/wp-json\/wp\/v2\/product_tag?post=33199"}],"curies":[{"name":"wp","href":"https:\/\/api.w.org\/{rel}","templated":true}]}}