{"id":33244,"date":"2025-01-28T16:31:18","date_gmt":"2025-01-28T14:31:18","guid":{"rendered":"https:\/\/fifaa.ee\/?post_type=product&#038;p=33244"},"modified":"2026-04-01T18:02:27","modified_gmt":"2026-04-01T15:02:27","slug":"impact-aware-285-gsm-rccanvas-varvimata-seljakott","status":"publish","type":"product","link":"https:\/\/fifaa.ee\/en\/product\/impact-aware-285-gsm-rccanvas-varvimata-seljakott\/","title":{"rendered":"Impact Aware\u2122 285 gsm rcanvas backpack undyed"},"content":{"rendered":"<p>This 285gsm recycled canvas backpack is a classic for everyday use. This bag has spacious front and back pockets to store other everyday items. The recycled canvas is undyed and used in its raw form, without the use of dyes or bleaching chemicals. AWARE\u2122 label confirms the genuine use of recycled materials. 2% of the proceeds from every Impact product sold is donated to Water.org. Composition 70% recycled cotton and 30% recycled polyester.<\/p>","protected":false},"excerpt":{"rendered":"<p>See 285 gsm taaskasutatud l\u00f5uendist seljakott on klassikaline igap\u00e4evaseks kasutamiseks. Sellel kotil on avar esi- ja tagatasku, kuhu mahutada muud igap\u00e4evased asjad. Taaskasutatud l\u00f5uend on v\u00e4rvimata ja seda kasutatakse toores kujul, ilma v\u00e4rvimise v\u00f5i pleegitamise kemikaalideta. AWARE\u2122 m\u00e4rgistusega, mis kinnitab taaskasutatud materjalide ehtsat kasutamist. 2% iga m\u00fc\u00fcdud Impacti toote tulust annetatakse veebisaidile Water.org. Koostis 70% [&hellip;]<\/p>\n","protected":false},"featured_media":33277,"template":"","meta":{"_acf_changed":false},"product_brand":[],"product_cat":[232,573],"product_tag":[659],"class_list":{"0":"post-33244","1":"product","2":"type-product","3":"status-publish","4":"has-post-thumbnail","6":"product_cat-kotid","7":"product_cat-seljakott","8":"product_tag-more-colors","9":"pa_varv-hall","10":"pa_varv-must","11":"pa_varv-sinine","12":"pa_varv-valge-new","14":"first","15":"instock","16":"taxable","17":"shipping-taxable","18":"purchasable","19":"product-type-variable","20":"has-default-attributes"},"acf":[],"_links":{"self":[{"href":"https:\/\/fifaa.ee\/en\/wp-json\/wp\/v2\/product\/33244","targetHints":{"allow":["GET"]}}],"collection":[{"href":"https:\/\/fifaa.ee\/en\/wp-json\/wp\/v2\/product"}],"about":[{"href":"https:\/\/fifaa.ee\/en\/wp-json\/wp\/v2\/types\/product"}],"wp:featuredmedia":[{"embeddable":true,"href":"https:\/\/fifaa.ee\/en\/wp-json\/wp\/v2\/media\/33277"}],"wp:attachment":[{"href":"https:\/\/fifaa.ee\/en\/wp-json\/wp\/v2\/media?parent=33244"}],"wp:term":[{"taxonomy":"product_brand","embeddable":true,"href":"https:\/\/fifaa.ee\/en\/wp-json\/wp\/v2\/product_brand?post=33244"},{"taxonomy":"product_cat","embeddable":true,"href":"https:\/\/fifaa.ee\/en\/wp-json\/wp\/v2\/product_cat?post=33244"},{"taxonomy":"product_tag","embeddable":true,"href":"https:\/\/fifaa.ee\/en\/wp-json\/wp\/v2\/product_tag?post=33244"}],"curies":[{"name":"wp","href":"https:\/\/api.w.org\/{rel}","templated":true}]}}