{"id":33246,"date":"2025-01-28T16:31:18","date_gmt":"2025-01-28T14:31:18","guid":{"rendered":"https:\/\/fifaa.ee\/?post_type=product&#038;p=33246"},"modified":"2026-04-01T18:02:58","modified_gmt":"2026-04-01T15:02:58","slug":"swiss-peak-brooke-aware-rpet-igapaevane-156-tolline-sulearvuti-seljakott","status":"publish","type":"product","link":"https:\/\/fifaa.ee\/en\/product\/swiss-peak-brooke-aware-rpet-igapaevane-156-tolline-sulearvuti-seljakott\/","title":{"rendered":"Swiss Peak Brooke AWARE\u2122 RPET daily 15.6\u2032 laptop backpack"},"content":{"rendered":"<p>A stylish backpack with plenty of storage space is the perfect accessory for those on the go, whether it&#039;s on the way to work or just wandering around town. With its elegant design and practical features, this backpack is a great choice for anyone looking for a stylish option. AWARE\u2122 label, which confirms the genuine use of recycled materials. 2% of the proceeds from every AWARE\u2122 product sold is donated to Water.org. Composition 100% recycled polyester.<\/p>","protected":false},"excerpt":{"rendered":"<p>Stiilne rohkete panipaikadega seljakott on ideaalne aksessuaar neile, kes on liikvel, olgu see siis teel t\u00f6\u00f6le v\u00f5i linnas liigeldes. Oma elegantse disaini ja praktiliste omadustega on see seljakott suurep\u00e4rane valik k\u00f5igile, kes otsivad stiilset valikut. AWARE\u2122 m\u00e4rgistusega, mis kinnitab taaskasutatud materjalide ehtsat kasutamist. 2% iga m\u00fc\u00fcdud AWARE\u2122 toote tulust annetatakse veebisaidile Water.org. Koostis 100% taaskasutatud [&hellip;]<\/p>\n","protected":false},"featured_media":33304,"template":"","meta":{"_acf_changed":false},"product_brand":[],"product_cat":[232,626],"product_tag":[],"class_list":{"0":"post-33246","1":"product","2":"type-product","3":"status-publish","4":"has-post-thumbnail","6":"product_cat-kotid","7":"product_cat-sulearvutikott","8":"pa_varv-must","10":"first","11":"instock","12":"taxable","13":"shipping-taxable","14":"purchasable","15":"product-type-variable","16":"has-default-attributes"},"acf":[],"_links":{"self":[{"href":"https:\/\/fifaa.ee\/en\/wp-json\/wp\/v2\/product\/33246","targetHints":{"allow":["GET"]}}],"collection":[{"href":"https:\/\/fifaa.ee\/en\/wp-json\/wp\/v2\/product"}],"about":[{"href":"https:\/\/fifaa.ee\/en\/wp-json\/wp\/v2\/types\/product"}],"wp:featuredmedia":[{"embeddable":true,"href":"https:\/\/fifaa.ee\/en\/wp-json\/wp\/v2\/media\/33304"}],"wp:attachment":[{"href":"https:\/\/fifaa.ee\/en\/wp-json\/wp\/v2\/media?parent=33246"}],"wp:term":[{"taxonomy":"product_brand","embeddable":true,"href":"https:\/\/fifaa.ee\/en\/wp-json\/wp\/v2\/product_brand?post=33246"},{"taxonomy":"product_cat","embeddable":true,"href":"https:\/\/fifaa.ee\/en\/wp-json\/wp\/v2\/product_cat?post=33246"},{"taxonomy":"product_tag","embeddable":true,"href":"https:\/\/fifaa.ee\/en\/wp-json\/wp\/v2\/product_tag?post=33246"}],"curies":[{"name":"wp","href":"https:\/\/api.w.org\/{rel}","templated":true}]}}