{"id":33290,"date":"2025-01-28T16:31:45","date_gmt":"2025-01-28T14:31:45","guid":{"rendered":"https:\/\/fifaa.ee\/?post_type=product&#038;p=33290"},"modified":"2026-04-01T18:03:23","modified_gmt":"2026-04-01T15:03:23","slug":"swiss-peak-aware-vargusvastane-156-tolline-sulearvuti-seljakott","status":"publish","type":"product","link":"https:\/\/fifaa.ee\/en\/product\/swiss-peak-aware-vargusvastane-156-tolline-sulearvuti-seljakott\/","title":{"rendered":"Swiss Peak AWARE\u2122 anti-theft 15.6\u2032 laptop backpack"},"content":{"rendered":"<p>This Swiss Peak Anti-Theft 15.6&quot; Laptop Backpack is a stylish choice for your everyday travel. Hidden zippers and secret pockets keep all your belongings safe. Easily connect your power bank to the integrated USB charging port and charge your phone or tablet on the go. Stay visible at night thanks to reflective safety strips. With luggage strap. AWARE\u2122 label, confirming the genuine use of recycled materials. Each bag contains 24.4 recycled 0.5L PET bottles. 2% of the proceeds from every AWARE\u2122 product sold is donated to Water.org. PVC free. Registered design\u00ae<\/p>","protected":false},"excerpt":{"rendered":"<p>See Swiss Peaki vargusvastane 15,6-tolline s\u00fclearvuti seljakott on stiilne valik teie igap\u00e4evaseks reisimiseks. Peidetud t\u00f5mblukud ja salataskud hoiavad kogu teie vara turvaliselt. \u00dchendage oma akupank h\u00f5lpsalt integreeritud USB-laadimisporti ja laadige oma telefoni v\u00f5i tahvelarvutit liikvel olles. P\u00fcsige \u00f6\u00f6sel n\u00e4htavana t\u00e4nu peegeldavatele turvaribadele. Pagasirihmaga. AWARE\u2122 m\u00e4rgistusega, mis kinnitab taaskasutatud materjalide ehtsat kasutamist. Igas kotis on taaskasutatud [&hellip;]<\/p>\n","protected":false},"featured_media":33314,"template":"","meta":{"_acf_changed":false},"product_brand":[],"product_cat":[232,573],"product_tag":[],"class_list":{"0":"post-33290","1":"product","2":"type-product","3":"status-publish","4":"has-post-thumbnail","6":"product_cat-kotid","7":"product_cat-seljakott","8":"pa_varv-must","10":"first","11":"instock","12":"taxable","13":"shipping-taxable","14":"purchasable","15":"product-type-variable","16":"has-default-attributes"},"acf":[],"_links":{"self":[{"href":"https:\/\/fifaa.ee\/en\/wp-json\/wp\/v2\/product\/33290","targetHints":{"allow":["GET"]}}],"collection":[{"href":"https:\/\/fifaa.ee\/en\/wp-json\/wp\/v2\/product"}],"about":[{"href":"https:\/\/fifaa.ee\/en\/wp-json\/wp\/v2\/types\/product"}],"wp:featuredmedia":[{"embeddable":true,"href":"https:\/\/fifaa.ee\/en\/wp-json\/wp\/v2\/media\/33314"}],"wp:attachment":[{"href":"https:\/\/fifaa.ee\/en\/wp-json\/wp\/v2\/media?parent=33290"}],"wp:term":[{"taxonomy":"product_brand","embeddable":true,"href":"https:\/\/fifaa.ee\/en\/wp-json\/wp\/v2\/product_brand?post=33290"},{"taxonomy":"product_cat","embeddable":true,"href":"https:\/\/fifaa.ee\/en\/wp-json\/wp\/v2\/product_cat?post=33290"},{"taxonomy":"product_tag","embeddable":true,"href":"https:\/\/fifaa.ee\/en\/wp-json\/wp\/v2\/product_tag?post=33290"}],"curies":[{"name":"wp","href":"https:\/\/api.w.org\/{rel}","templated":true}]}}