{"id":33291,"date":"2025-01-28T16:31:45","date_gmt":"2025-01-28T14:31:45","guid":{"rendered":"https:\/\/fifaa.ee\/?post_type=product&#038;p=33291"},"modified":"2026-04-01T18:03:50","modified_gmt":"2026-04-01T15:03:50","slug":"swiss-peak-aware-kaasaegne-156-tolline-sulearvuti-seljakott","status":"publish","type":"product","link":"https:\/\/fifaa.ee\/en\/product\/swiss-peak-aware-kaasaegne-156-tolline-sulearvuti-seljakott\/","title":{"rendered":"Swiss Peak AWARE\u2122 modern 15.6\u2032 laptop backpack"},"content":{"rendered":"<p>This beautifully designed backpack has everything you need! Features one large main compartment for your 15.6&quot; laptop and one front compartment. Easily connect your power bank to the integrated USB Type-C charging port and charge your phone or tablet on the go. AWARE\u2122 certified to ensure genuine recycled content. Each bag contains 28.7 recycled 0.5L PET bottles. 2% of the proceeds from every Impact product sold is donated to Water.org. PVC free.<\/p>","protected":false},"excerpt":{"rendered":"<p>See kauni disainiga seljakott vastab k\u00f5ikidele teie vajadustele! Sisaldab \u00fcks suur p\u00f5hisahtel teie 15,6-tollise s\u00fclearvuti jaoks ja \u00fcks eesmine sahtel. \u00dchendage oma toitepank h\u00f5lpsalt integreeritud USB Type-C laadimisporti ja laadige oma telefoni v\u00f5i tahvelarvutit liikvel olles. AWARE\u2122 m\u00e4rgistusega, mis kinnitab taaskasutatud materjalide ehtsat kasutamist. Igas kotis on taaskasutatud 28,7 0,5L PET-pudelit. 2% iga m\u00fc\u00fcdud Impacti [&hellip;]<\/p>\n","protected":false},"featured_media":33316,"template":"","meta":{"_acf_changed":false},"product_brand":[],"product_cat":[232,626],"product_tag":[],"class_list":{"0":"post-33291","1":"product","2":"type-product","3":"status-publish","4":"has-post-thumbnail","6":"product_cat-kotid","7":"product_cat-sulearvutikott","8":"pa_varv-must","10":"first","11":"instock","12":"taxable","13":"shipping-taxable","14":"purchasable","15":"product-type-variable","16":"has-default-attributes"},"acf":[],"_links":{"self":[{"href":"https:\/\/fifaa.ee\/en\/wp-json\/wp\/v2\/product\/33291","targetHints":{"allow":["GET"]}}],"collection":[{"href":"https:\/\/fifaa.ee\/en\/wp-json\/wp\/v2\/product"}],"about":[{"href":"https:\/\/fifaa.ee\/en\/wp-json\/wp\/v2\/types\/product"}],"wp:featuredmedia":[{"embeddable":true,"href":"https:\/\/fifaa.ee\/en\/wp-json\/wp\/v2\/media\/33316"}],"wp:attachment":[{"href":"https:\/\/fifaa.ee\/en\/wp-json\/wp\/v2\/media?parent=33291"}],"wp:term":[{"taxonomy":"product_brand","embeddable":true,"href":"https:\/\/fifaa.ee\/en\/wp-json\/wp\/v2\/product_brand?post=33291"},{"taxonomy":"product_cat","embeddable":true,"href":"https:\/\/fifaa.ee\/en\/wp-json\/wp\/v2\/product_cat?post=33291"},{"taxonomy":"product_tag","embeddable":true,"href":"https:\/\/fifaa.ee\/en\/wp-json\/wp\/v2\/product_tag?post=33291"}],"curies":[{"name":"wp","href":"https:\/\/api.w.org\/{rel}","templated":true}]}}