{"id":33292,"date":"2025-01-28T16:31:45","date_gmt":"2025-01-28T14:31:45","guid":{"rendered":"https:\/\/fifaa.ee\/?post_type=product&#038;p=33292"},"modified":"2026-04-01T18:03:50","modified_gmt":"2026-04-01T15:03:50","slug":"swiss-peak-aware-holpsasti-ligipaasetav-156-tolline-sulearvuti-seljakott","status":"publish","type":"product","link":"https:\/\/fifaa.ee\/en\/product\/swiss-peak-aware-holpsasti-ligipaasetav-156-tolline-sulearvuti-seljakott\/","title":{"rendered":"Swiss Peak AWARE\u2122 easy access 15.6\u201d laptop backpack"},"content":{"rendered":"<p>This modern and minimalist recycled polyester laptop backpack will accompany you on every commute in the professional landscape. With deep vertical front pockets and a nice, easy-to-open zippered lid that reveals a spacious interior with sections for both a laptop and an iPad. Includes RFID-protected pockets inside. AWARE\u2122 label, confirming the genuine use of recycled materials. Each bag contains 21.4 recycled PET bottles. 2% of the proceeds from every Aware\u2122 product sold is donated to Water.org. PVC free.<\/p>","protected":false},"excerpt":{"rendered":"<p>See kaasaegne ja minimalistlik taaskasutatud pol\u00fcestrist s\u00fclearvuti seljakott saadab teid igal edasi-tagasi reisil professionaalsel maastikul. S\u00fcgavate vertikaalsete esitaskute ja kena, kergesti avatava lukuga kaanega, mis paljastab avara interj\u00f6\u00f6ri, kus on osad nii s\u00fclearvuti kui ka iPadi jaoks. Sisaldab RFID-kaitsega taskuid sees. AWARE\u2122 m\u00e4rgistusega, mis kinnitab taaskasutatud materjalide ehtsat kasutamist. Igas kotis on taaskasutatud 21,4 PET-pudelit. [&hellip;]<\/p>\n","protected":false},"featured_media":33318,"template":"","meta":{"_acf_changed":false},"product_brand":[],"product_cat":[232,626],"product_tag":[],"class_list":{"0":"post-33292","1":"product","2":"type-product","3":"status-publish","4":"has-post-thumbnail","6":"product_cat-kotid","7":"product_cat-sulearvutikott","8":"pa_varv-must","10":"first","11":"instock","12":"taxable","13":"shipping-taxable","14":"purchasable","15":"product-type-variable","16":"has-default-attributes"},"acf":[],"_links":{"self":[{"href":"https:\/\/fifaa.ee\/en\/wp-json\/wp\/v2\/product\/33292","targetHints":{"allow":["GET"]}}],"collection":[{"href":"https:\/\/fifaa.ee\/en\/wp-json\/wp\/v2\/product"}],"about":[{"href":"https:\/\/fifaa.ee\/en\/wp-json\/wp\/v2\/types\/product"}],"wp:featuredmedia":[{"embeddable":true,"href":"https:\/\/fifaa.ee\/en\/wp-json\/wp\/v2\/media\/33318"}],"wp:attachment":[{"href":"https:\/\/fifaa.ee\/en\/wp-json\/wp\/v2\/media?parent=33292"}],"wp:term":[{"taxonomy":"product_brand","embeddable":true,"href":"https:\/\/fifaa.ee\/en\/wp-json\/wp\/v2\/product_brand?post=33292"},{"taxonomy":"product_cat","embeddable":true,"href":"https:\/\/fifaa.ee\/en\/wp-json\/wp\/v2\/product_cat?post=33292"},{"taxonomy":"product_tag","embeddable":true,"href":"https:\/\/fifaa.ee\/en\/wp-json\/wp\/v2\/product_tag?post=33292"}],"curies":[{"name":"wp","href":"https:\/\/api.w.org\/{rel}","templated":true}]}}