{"id":33294,"date":"2025-01-28T16:31:45","date_gmt":"2025-01-28T14:31:45","guid":{"rendered":"https:\/\/fifaa.ee\/?post_type=product&#038;p=33294"},"modified":"2026-04-01T18:04:14","modified_gmt":"2026-04-01T15:04:14","slug":"swiss-peak-aware-rfid-vargusvastane-156-tolline-sulearvuti-seljakott","status":"publish","type":"product","link":"https:\/\/fifaa.ee\/en\/product\/swiss-peak-aware-rfid-vargusvastane-156-tolline-sulearvuti-seljakott\/","title":{"rendered":"Swiss Peak AWARE\u2122 RFID anti-theft 15.6\u201d laptop backpack"},"content":{"rendered":"<p>This Swiss Peak AWARE\u2122 15.6&quot; laptop backpack with anti-theft back access makes it easy to carry tech gadgets and personal items. Inside, there&#039;s a laptop and tablet compartment. RFID-protected pockets for your wallet and passport. Easily connect your power bank to the integrated USB Type-C charging port and charge your phone or tablet on the go. Hidden, easy-access back pocket. AWARE\u2122 label confirms genuine recycled materials. Each bag contains 20.8 recycled PET bottles. 2% of the proceeds from every Aware\u2122 product sold is donated to Water.org.<\/p>","protected":false},"excerpt":{"rendered":"<p>See vargusvastase tagaavaga Swiss Peak AWARE\u2122 15,6-tolline s\u00fclearvuti seljakott muudab tehniliste vidinate ja isiklike esemete kaasaskandmise lihtsaks. Sisek\u00fcljel on s\u00fclearvuti ja tahvelarvuti sahtel. RFID-turvalised taskud teie rahakoti ja passi jaoks. \u00dchendage oma toitepank h\u00f5lpsalt integreeritud USB Type-C laadimisporti ja laadige oma telefoni v\u00f5i tahvelarvutit liikvel olles. Peidetud h\u00f5lpsasti ligip\u00e4\u00e4setav tagatasku. AWARE\u2122 m\u00e4rgistusega, mis kinnitab taaskasutatud [&hellip;]<\/p>\n","protected":false},"featured_media":33324,"template":"","meta":{"_acf_changed":false},"product_brand":[],"product_cat":[232,573],"product_tag":[659],"class_list":{"0":"post-33294","1":"product","2":"type-product","3":"status-publish","4":"has-post-thumbnail","6":"product_cat-kotid","7":"product_cat-seljakott","8":"product_tag-more-colors","9":"pa_varv-hall","10":"pa_varv-must","12":"first","13":"instock","14":"taxable","15":"shipping-taxable","16":"purchasable","17":"product-type-variable","18":"has-default-attributes"},"acf":[],"_links":{"self":[{"href":"https:\/\/fifaa.ee\/en\/wp-json\/wp\/v2\/product\/33294","targetHints":{"allow":["GET"]}}],"collection":[{"href":"https:\/\/fifaa.ee\/en\/wp-json\/wp\/v2\/product"}],"about":[{"href":"https:\/\/fifaa.ee\/en\/wp-json\/wp\/v2\/types\/product"}],"wp:featuredmedia":[{"embeddable":true,"href":"https:\/\/fifaa.ee\/en\/wp-json\/wp\/v2\/media\/33324"}],"wp:attachment":[{"href":"https:\/\/fifaa.ee\/en\/wp-json\/wp\/v2\/media?parent=33294"}],"wp:term":[{"taxonomy":"product_brand","embeddable":true,"href":"https:\/\/fifaa.ee\/en\/wp-json\/wp\/v2\/product_brand?post=33294"},{"taxonomy":"product_cat","embeddable":true,"href":"https:\/\/fifaa.ee\/en\/wp-json\/wp\/v2\/product_cat?post=33294"},{"taxonomy":"product_tag","embeddable":true,"href":"https:\/\/fifaa.ee\/en\/wp-json\/wp\/v2\/product_tag?post=33294"}],"curies":[{"name":"wp","href":"https:\/\/api.w.org\/{rel}","templated":true}]}}