{"id":33295,"date":"2025-01-28T16:31:45","date_gmt":"2025-01-28T14:31:45","guid":{"rendered":"https:\/\/fifaa.ee\/?post_type=product&#038;p=33295"},"modified":"2026-04-01T18:04:14","modified_gmt":"2026-04-01T15:04:14","slug":"swiss-peak-aware-xxl-nadalavahetuse-reisiseljakott","status":"publish","type":"product","link":"https:\/\/fifaa.ee\/en\/product\/swiss-peak-aware-xxl-nadalavahetuse-reisiseljakott\/","title":{"rendered":"Swiss Peak AWARE\u2122 XXL weekend travel backpack"},"content":{"rendered":"<p>This portable travel backpack is designed for overnight or weekend trips. It features a padded 17&quot; laptop compartment to protect your device. This style has the capacity of a trolley without wheels or a handle, plus using the backpack makes it more mobile, hands-free and makes the travel experience easier. Leave your wheels at home and travel simply. Includes a trolley strap, side water bottle pocket and USB A output. Top quick-access pocket, front zippered pocket and RFID-protected pockets. AWARE\u2122 label, which confirms the genuine use of recycled materials. Each bag contains 35.5 recycled 0.5L PET bottles. 2% of the proceeds from every Impact product sold is donated to Water.org. PVC free.<\/p>","protected":false},"excerpt":{"rendered":"<p>See kaasaskantav reisiseljakott on m\u00f5eldud \u00f6\u00f6seks v\u00f5i n\u00e4dalavahetuse reisideks. Sellel on teie seadme kaitsmiseks polsterdatud 17-tolline s\u00fclearvuti sahtel. Sellel stiilil on k\u00e4ru mahutavus ilma rataste ja k\u00e4epidemeta, lisaks muudab seljakoti kasutamine liikuvamaks, k\u00e4ed-vabad ja muudab reisimise kogemuse lihtsamaks. J\u00e4tke oma rattad koju ja reisige lihtsalt. Sisaldab k\u00e4ru rihm, veepudeli k\u00fcljetasku ja USB A v\u00e4ljund. \u00dclemine [&hellip;]<\/p>\n","protected":false},"featured_media":33328,"template":"","meta":{"_acf_changed":false},"product_brand":[],"product_cat":[232,626],"product_tag":[],"class_list":{"0":"post-33295","1":"product","2":"type-product","3":"status-publish","4":"has-post-thumbnail","6":"product_cat-kotid","7":"product_cat-sulearvutikott","8":"pa_varv-must","10":"first","11":"instock","12":"taxable","13":"shipping-taxable","14":"purchasable","15":"product-type-variable","16":"has-default-attributes"},"acf":[],"_links":{"self":[{"href":"https:\/\/fifaa.ee\/en\/wp-json\/wp\/v2\/product\/33295","targetHints":{"allow":["GET"]}}],"collection":[{"href":"https:\/\/fifaa.ee\/en\/wp-json\/wp\/v2\/product"}],"about":[{"href":"https:\/\/fifaa.ee\/en\/wp-json\/wp\/v2\/types\/product"}],"wp:featuredmedia":[{"embeddable":true,"href":"https:\/\/fifaa.ee\/en\/wp-json\/wp\/v2\/media\/33328"}],"wp:attachment":[{"href":"https:\/\/fifaa.ee\/en\/wp-json\/wp\/v2\/media?parent=33295"}],"wp:term":[{"taxonomy":"product_brand","embeddable":true,"href":"https:\/\/fifaa.ee\/en\/wp-json\/wp\/v2\/product_brand?post=33295"},{"taxonomy":"product_cat","embeddable":true,"href":"https:\/\/fifaa.ee\/en\/wp-json\/wp\/v2\/product_cat?post=33295"},{"taxonomy":"product_tag","embeddable":true,"href":"https:\/\/fifaa.ee\/en\/wp-json\/wp\/v2\/product_tag?post=33295"}],"curies":[{"name":"wp","href":"https:\/\/api.w.org\/{rel}","templated":true}]}}